{"id":4025,"date":"2017-03-02T07:39:48","date_gmt":"2017-03-02T05:39:48","guid":{"rendered":"https:\/\/honmatokyo.ro\/product\/h-bond-300ml-vedo-a-haj-elszinezodes-festes-keratin-hajkezelesere\/"},"modified":"2021-03-09T16:20:57","modified_gmt":"2021-03-09T14:20:57","slug":"h-bond-300ml-vedo-a-haj-elszinezodes-festes-keratin-hajkezelesere","status":"publish","type":"product","link":"https:\/\/honmatokyo.ro\/hu\/termek\/h-bond-300ml-vedo-a-haj-elszinezodes-festes-keratin-hajkezelesere\/","title":{"rendered":"H-Bond 300ml  v\u00e9d\u0151 a  haj elsz\u00ednez\u0151d\u00e9s, fest\u00e9s , keratin hajkezel\u00e9s\u00e9re"},"content":{"rendered":"<h3 style=\"text-align: left;\">Le\u00edr\u00e1s:<\/h3>\n<p style=\"text-align: left;\">A H-Bond Protector egy innovat\u00edv term\u00e9k, amelynek c\u00e9lja a hajsz\u00e1lak v\u00e9delme k\u00e9miai elj\u00e1r\u00e1sok, p\u00e9ld\u00e1ul elsz\u00ednez\u0151d\u00e9s, fest\u00e9s vagy hajkezel\u00e9s sor\u00e1n, a lemezt magas h\u0151m\u00e9rs\u00e9kleten felhaszn\u00e1lva.\u00a0A H-k\u00f6tv\u00e9ny az 1. l\u00e9p\u00e9s a k\u00e9reg m\u00e1trix\u00e1n bel\u00fcl v\u00e9d a fest\u00e9s vagy elsz\u00ednez\u0151d\u00e9s ellen, \u00e9s ak\u00e1r 40% -kal er\u0151s\u00edti a hajsz\u00e1lakat. Hozz\u00e1adhat\u00f3 a Honma Tokyo term\u00e9kcsal\u00e1dban tal\u00e1lhat\u00f3 kiegyenes\u00edt\u0151 term\u00e9kekhez, tov\u00e1bbi kezel\u00e9s \u00e9s hidrat\u00e1l\u00e1s kezel\u00e9s\u00e9re, ha s\u00e9r\u00fclt, sz\u0151ke, elsz\u00ednez\u0151d\u00f6tt, v\u00e9kony vagy t\u00f6r\u00e9keny fonal van. A H-Bond 2. l\u00e9p\u00e9st feh\u00e9r\u00edt\u00e9s, fest\u00e9s vagy keratin kezel\u00e9s ut\u00e1n haszn\u00e1lj\u00e1k, lez\u00e1rja a sz\u00e1l kutik\u00e1j\u00e1t, befejezi a l\u00e9p\u00e9s \u00e1ltal megkezdett rekonstrukci\u00f3t. 1, \u00e9s r\u00e9szt vesz a haj pH-j\u00e1nak semleges\u00edt\u00e9s\u00e9ben, biztos\u00edtva a f\u00e9nyt, rugalmass\u00e1got \u00e9s tart\u00f3s hidrat\u00e1l\u00f3 hat\u00e1st. A H-Bond t\u00e1pl\u00e1lja a hajat lipidek \u00e9s feh\u00e9rj\u00e9k sz\u00fcks\u00e9gess\u00e9g\u00e9vel, olyan j\u00f3l megv\u00e1lasztott \u00f6sszetev\u0151k miatt, mint p\u00e9ld\u00e1ul: keratin, makadamiaolaj \u00e9s Amaryllis vir\u00e1gkivonat.\u00a0Nem tartalmaz parab\u00e9neket. \u00c1tlagos felhaszn\u00e1l\u00e1s: 40 kezel\u00e9s.<\/p>\n<p style=\"text-align: left;\"><strong>H-Bond Protector P1\u00a0\u00a0<\/strong>egy olyan innovat\u00edv term\u00e9k, amely v\u00e9di a hajat elsz\u00ednez\u0151d\u00e9s vagy fest\u00e9s sor\u00e1n, ak\u00e1r 40% -kal is er\u0151s\u00edti a sz\u00e1lakat, fenntartja a haj eg\u00e9szs\u00e9g\u00e9t a k\u00e9miai folyamat sor\u00e1n, \u00e1talak\u00edtja a k\u00e9reg m\u00e1trix\u00e1t, regener\u00e1lja \u00e9s \u00fajj\u00e1\u00e9leszti, mik\u00f6zben a haj eg\u00e9szs\u00e9ges \u00e9s selymes marad.<\/p>\n<p style=\"text-align: left;\"><strong>H-Bond\u00a0<span lang=\"hu\">maszk P2\u00a0<\/span><\/strong><span lang=\"hu\">egy olyan term\u00e9k, amely r\u00e9szt vesz a hajsz\u00e1l \u00e1talak\u00edt\u00e1s\u00e1ban \u00e9s semleges\u00edt\u00e9s\u00e9ben a sz\u00ednez\u00e9s, elsz\u00ednez\u0151d\u00e9s \u00e9s egyenes\u00edt\u00e9s k\u00e9miai elj\u00e1r\u00e1sait k\u00f6vet\u0151en. A H-Bond elsz\u00ednez\u0151d\u00e9ses kezel\u00e9st k\u00edn\u00e1l, amely a haj pH-j\u00e1nak helyre\u00e1ll\u00edt\u00e1s\u00e1t \u00e9s semleges\u00edt\u00e9s\u00e9t foglalja mag\u00e1ban, biztos\u00edtva a f\u00e9nyt, rugalmass\u00e1got \u00e9s hosszantart\u00f3 hidrat\u00e1l\u00f3 hat\u00e1st. A H-Bond t\u00e1pl\u00e1lja a hajat lipidek \u00e9s feh\u00e9rj\u00e9k sz\u00fcks\u00e9gess\u00e9g\u00e9vel, olyan j\u00f3l megv\u00e1lasztott \u00f6sszetev\u0151k miatt, mint p\u00e9ld\u00e1ul: keratin, makadamiaolaj \u00e9s Amaryllis vir\u00e1gkivonat.<\/span><\/p>\n<h5 style=\"text-align: left;\">Haszn\u00e1lat feh\u00e9r\u00edt\u00e9shez \/ porhoz<\/h5>\n<p style=\"text-align: left;\">Ehhez az elj\u00e1r\u00e1shoz a H1-Bond Protector P1 term\u00e9ket a haj elsz\u00ednez\u0151d\u00e9se el\u0151tt permetezhetj\u00fck a hajra, vagy.<\/p>\n<ul style=\"text-align: left;\">\n<li>Por-ar\u00e1ny: 7,5\u201330 g por.<\/li>\n<li>Permetez\u00e9si ar\u00e1ny: H\u00edg\u00edtatlanul vagy v\u00edzzel h\u00edg\u00edtva 1: 4-ig, a s\u00e9r\u00fcl\u00e9s m\u00e9rt\u00e9k\u00e9t\u0151l f\u00fcgg\u0151en. Hagyja 10 percet azonnal elindulni a feh\u00e9r\u00edt\u00e9shez.<\/li>\n<li>H-Bond P2\u00a0A feh\u00e9r\u00edt\u00e9s \/ fest\u00e9s befejez\u00e9se ut\u00e1n alkalmazzuk, 10 percig hagyjuk hatni, majd tiszt\u00edtsuk<\/li>\n<\/ul>\n<h5 style=\"text-align: left;\">\u00a0Haszn\u00e1lja a fest\u00e9kben:<\/h5>\n<p style=\"text-align: left;\">Ehhez az elj\u00e1r\u00e1shoz a H-Bond Protector P1 term\u00e9ket a fest\u00e9s el\u0151tt permetezni lehet a hajra, vagy hozz\u00e1adhatjuk a hajra felvitt fest\u00e9khez.<\/p>\n<ul style=\"text-align: left;\">\n<li>Por-ar\u00e1ny: 3,5 ml 30gr fest\u00e9kn\u00e9l.<\/li>\n<li>Permetez\u00e9si ar\u00e1ny: H\u00edg\u00edtatlanul vagy v\u00edzzel h\u00edg\u00edtva 1: 4-ig, a s\u00e9r\u00fcl\u00e9s m\u00e9rt\u00e9k\u00e9t\u0151l f\u00fcgg\u0151en. Hagyja 10 perc alatt azonnal folytatni a fest\u00e9st.<\/li>\n<li>H-Bond Pas 2\u00a0\u00a0A feh\u00e9r\u00edt\u00e9s \/ fest\u00e9s befejez\u00e9se ut\u00e1n alkalmazzuk, 10 percig hagyjuk hatni, majd tiszt\u00edtsuk.<\/li>\n<\/ul>\n<h5 style=\"text-align: left;\">Haszn\u00e1lat hajkiegyenes\u00edt\u0151 kezel\u00e9sn\u00e9l brazil keratinnal:<\/h5>\n<p style=\"text-align: left;\">Ehhez a H-Bond Protector P1 term\u00e9khez a keratin felhord\u00e1sa el\u0151tt permetezhetj\u00fck a hajat, vagy hozz\u00e1adhatjuk a keratinhez, amelyet felvissz\u00fcnk a hajra.<\/p>\n<ul style=\"text-align: left;\">\n<li>Por ar\u00e1ny: 3\u201330 g keratin.<\/li>\n<li>Permetez\u00e9si ar\u00e1ny: H\u00edg\u00edtatlanul vagy v\u00edzzel h\u00edg\u00edtva 1: 4-ig, a s\u00e9r\u00fcl\u00e9s m\u00e9rt\u00e9k\u00e9t\u0151l f\u00fcgg\u0151en. Vigye fel a frissen samponozott hajra, hagyja rajta 10 percig, majd sz\u00e1r\u00edtsa meg a hajat a k\u00edv\u00e1nt szintre, \u00e9s vigye fel a keratint.<\/li>\n<li>H-Bond P2\u00a0\u00a0a keratinkezel\u00e9s befejez\u00e9se ut\u00e1n \u00f6bl\u00edtse le sampon n\u00e9lk\u00fcl, 10 percig vigye fel a H-Bond P2-t, \u00f6bl\u00edtse le \u00e9s sz\u00e1r\u00edtsa meg.<\/li>\n<\/ul>\n<h5 style=\"text-align: left;\">K\u00fcl\u00f6n felhaszn\u00e1l\u00e1s hajd\u00fas\u00edt\u00f3 \u00e9s regener\u00e1l\u00f3 kezel\u00e9sk\u00e9nt:<\/h5>\n<ol>\n<li style=\"text-align: left;\">Mossa meg a haj\u00e1t tiszt\u00edt\u00f3 samponnal, amely felhaszn\u00e1lhat\u00f3 a H-Brush B.tox, a Bixyplastia vagy a Coffee Premium All Liss c\u00e9gt\u0151l.Permetezzen be a h\u00edg\u00edtatlan H-Bond Protector P1-et, vagy csapokkal csapjon le a haj teljes fel\u00fclet\u00e9re.<\/li>\n<li>Sz\u00e1r\u00edtsa meg a hajat 80-90% -kal, enyh\u00e9n nedvesen hagyva<\/li>\n<li style=\"text-align: left;\">Hagyja hatni 15 percig.<\/li>\n<li style=\"text-align: left;\">Ezt k\u00f6vet\u0151en tiszt\u00edt\u00e1s n\u00e9lk\u00fcl vigyen fel a H-Bond P2-t, hogy az a haj teljes fel\u00fclet\u00e9n eloszlik, g\u00f6nd\u00f6r hajl\u00edt\u00e1sokkal elt\u00e1vol\u00edtja az \u00f6sszes felesleget<\/li>\n<li style=\"text-align: left;\">Hagyja 10 percig hatni, majd sz\u00e1r\u00edtsa meg a hajat 100% -kal, \u00e9s a t\u00e1ny\u00e9rt t\u00f6bbsz\u00f6r vezesse \u00e1t minden sz\u00e1lon, be\u00e1ll\u00edtva a h\u0151m\u00e9rs\u00e9kletet 150-200 fok k\u00f6z\u00f6tt, hogy a kutikula jobban lez\u00e1r\u00f3djon<\/li>\n<li style=\"text-align: left;\">\u00d6t perces sz\u00fcnet ut\u00e1n alaposan \u00f6bl\u00edtse le csak samponmentes v\u00edzzel, a DD Hair Cream Live-in alkalmazza a kiv\u00e9teles<\/li>\n<\/ol>\n<h3 id=\"tw-target-text\" class=\"tw-data-text tw-text-large tw-ta\" dir=\"ltr\" data-placeholder=\"Traducere\"><\/h3>\n<h3 id=\"tw-target-text\" class=\"tw-data-text tw-text-large tw-ta\" dir=\"ltr\" data-placeholder=\"Traducere\"><\/h3>\n<h3 id=\"tw-target-text\" class=\"tw-data-text tw-text-large tw-ta\" dir=\"ltr\" data-placeholder=\"Traducere\"><\/h3>\n<p>&nbsp;<\/p>\n","protected":false},"excerpt":{"rendered":"<p style=\"text-align: left;\">A H-Bond Protector egy innovat\u00edv term\u00e9k, amelynek c\u00e9lja a hajsz\u00e1lak v\u00e9delme olyan k\u00e9miai elj\u00e1r\u00e1sok sor\u00e1n, mint p\u00e9ld\u00e1ul a elsz\u00ednez\u0151d\u00e9s \u00e9s a hajfest\u00e9s. A H-Bond hozz\u00e1adhat\u00f3 a Honma Tokyo hajkiegyenes\u00edt\u0151 term\u00e9kekhez. A haj 40% -ig t\u00f6rt\u00e9n\u0151 hidrat\u00e1l\u00e1s\u00e1val \u00e9s er\u00f5s\u00edt\u00e9s\u00e9vel ezt a kezel\u00e9st k\u00fcl\u00f6n lehet elv\u00e9gezni, hogy helyre\u00e1ll\u00edts\u00e1k a haj er\u00f5ss\u00e9g\u00e9t \u00e9s \u00e9leter\u00f5ss\u00e9g\u00e9t, vagy m\u00e1s k\u00e9miai elj\u00e1r\u00e1sokkal egyidej\u00fbleg, \u00fagy, hogy a hajfest\u00e9s vagy elsz\u00ednez\u00f5d\u00e9s ut\u00e1n a haj m\u00e1r nem lesz sz\u00e1raz \u00e9s t\u00f6r\u00e9keny, de \u00e9ppen ellenkez\u0151leg, f\u00e9nyes, rugalmas \u00e9s nagyobb teljes\u00edtm\u00e9ny\u0171.<\/p>\n <a class=\"read-more\" href=\"https:\/\/honmatokyo.ro\/hu\/termek\/h-bond-300ml-vedo-a-haj-elszinezodes-festes-keratin-hajkezelesere\/\">Read more<\/a>","protected":false},"featured_media":11329,"comment_status":"open","ping_status":"closed","template":"","meta":{"_monsterinsights_skip_tracking":false,"_monsterinsights_sitenote_active":false,"_monsterinsights_sitenote_note":"","_monsterinsights_sitenote_category":0},"product_brand":[],"product_cat":[256],"product_tag":[],"class_list":{"0":"post-4025","1":"product","2":"type-product","3":"status-publish","4":"has-post-thumbnail","6":"product_cat-brazil-keratin-es-b-tox-hajra","8":"first","9":"instock","10":"sale","11":"taxable","12":"shipping-taxable","13":"purchasable","14":"product-type-simple"},"_links":{"self":[{"href":"https:\/\/honmatokyo.ro\/hu\/wp-json\/wp\/v2\/product\/4025","targetHints":{"allow":["GET"]}}],"collection":[{"href":"https:\/\/honmatokyo.ro\/hu\/wp-json\/wp\/v2\/product"}],"about":[{"href":"https:\/\/honmatokyo.ro\/hu\/wp-json\/wp\/v2\/types\/product"}],"replies":[{"embeddable":true,"href":"https:\/\/honmatokyo.ro\/hu\/wp-json\/wp\/v2\/comments?post=4025"}],"wp:featuredmedia":[{"embeddable":true,"href":"https:\/\/honmatokyo.ro\/hu\/wp-json\/wp\/v2\/media\/11329"}],"wp:attachment":[{"href":"https:\/\/honmatokyo.ro\/hu\/wp-json\/wp\/v2\/media?parent=4025"}],"wp:term":[{"taxonomy":"product_brand","embeddable":true,"href":"https:\/\/honmatokyo.ro\/hu\/wp-json\/wp\/v2\/product_brand?post=4025"},{"taxonomy":"product_cat","embeddable":true,"href":"https:\/\/honmatokyo.ro\/hu\/wp-json\/wp\/v2\/product_cat?post=4025"},{"taxonomy":"product_tag","embeddable":true,"href":"https:\/\/honmatokyo.ro\/hu\/wp-json\/wp\/v2\/product_tag?post=4025"}],"curies":[{"name":"wp","href":"https:\/\/api.w.org\/{rel}","templated":true}]}}