{"id":4086,"date":"2019-08-09T10:10:05","date_gmt":"2019-08-09T07:10:05","guid":{"rendered":"https:\/\/honmatokyo.ro\/product\/h-detox-prime-intenziv-haj-es-fejbor-meregtelenito-kezeles\/"},"modified":"2021-03-09T15:57:47","modified_gmt":"2021-03-09T13:57:47","slug":"h-detox-prime-intenziv-haj-es-fejbor-meregtelenito-kezeles","status":"publish","type":"product","link":"https:\/\/honmatokyo.ro\/hu\/termek\/h-detox-prime-intenziv-haj-es-fejbor-meregtelenito-kezeles\/","title":{"rendered":"H-DETOX PRIME &#8211; Intenz\u00edv haj- \u00e9s fejb\u0151r m\u00e9regtelen\u00edt\u0151 kezel\u00e9s."},"content":{"rendered":"<p><strong>Hajk\u00e9sz\u00edt\u00e9s a keratin kiegyenes\u00edt\u00e9s\u00e9re vagy a haj B.tox Honma Tokyo regener\u00e1l\u00e1s\u00e1ra.<\/strong><\/p>\n<p>Haj-m\u00e9regtelen\u00edt\u0151 kezel\u00e9s A H-Detox Prime hat\u00e9konyan cs\u00f6kkenti a gy\u00f6k\u00e9rzs\u00edr-termel\u00e9st \u00e9s a s\u00e9r\u00fclt haj intenz\u00edv regener\u00e1l\u00f3d\u00e1s\u00e1t. A kezel\u00e9s revitaliz\u00e1lja a vegyi anyagok vagy mechanikus folyamatok \u00e1ltal \u00e9rintett hajat, \u00e9s felk\u00e9sz\u00edti a hajat egy \u00faj folyamatra. Tengeri bio-akt\u00edv \u00f6sszetev\u0151ket \u00e9s bio-akt\u00edv \u00f6sszetev\u0151ket tartalmaz ubork\u00e1b\u00f3l, alm\u00e1b\u00f3l \u00e9s citromb\u00f3l. Mindegyik\u00fck r\u00e9szt vesz a haj m\u00e9regtelen\u00edt\u00e9s\u00e9nek \u00e9s regener\u00e1l\u00e1s\u00e1nak folyamat\u00e1ban, ugyanakkor f\u00e9nyt, l\u00e1gys\u00e1got, rugalmass\u00e1got \u00e9s UV-v\u00e9delmet ny\u00fajt.\u00a0A maxim\u00e1lis eredm\u00e9ny el\u00e9r\u00e9se \u00e9rdek\u00e9ben aj\u00e1nlott ezt a kezel\u00e9st 15 naponta 3-4 alkalommal, majd karbantart\u00e1s c\u00e9lj\u00e1b\u00f3l havonta egyszer elv\u00e9gezni. A brazil keratinnal vagy bxtox-kezel\u00e9ssel t\u00f6rt\u00e9n\u0151 el\u0151k\u00e9sz\u00edt\u00e9shez az 1 vagy 2 H-Detox kezel\u00e9st el\u0151sz\u00f6r 7 nappal, majd 5-7 nappal keratin kezel\u00e9ssel kell elv\u00e9gezni. A gy\u00e1rt\u00f3 \u00e1ltal megjel\u00f6lt id\u0151szak ut\u00e1n, amikor a keratinnal vagy a b.tox-nal t\u00f6rt\u00e9n\u0151 kezel\u00e9s hat\u00e1sa v\u00e9gleges, a k\u00f6vetkez\u0151 keratinkezel\u00e9s el\u0151tt aj\u00e1nlott 1-2 kezel\u00e9st v\u00e9gezni H-Detox Primeval.<\/p>\n<ol>\n<li>l\u00e9p\u00e9s &#8211; H-Detox Prime tiszt\u00edt\u00f3 sampon 1L m\u00e9lytiszt\u00edt\u00f3 sampon &#8211; finom \u00e9s hat\u00e9kony tiszt\u00edtja a szennyez\u0151d\u00e9sek fej\u00e9t, serkenti a v\u00e9rkering\u00e9st \u00e9s az \u00faj, eg\u00e9szs\u00e9ges fonalak n\u00f6veked\u00e9s\u00e9t. Er\u0151s m\u00e9regtelen\u00edt\u0151 hat\u00e1sa van a b\u0151rre, \u00e9s kik\u00fcsz\u00f6b\u00f6li a m\u00e9reganyagokat.<\/li>\n<li>l\u00e9p\u00e9s &#8211; H-Detox z\u00f6ldl\u00e9 500ml m\u00e9ly hajregener\u00e1l\u00f3 \u00e9s -jav\u00edt\u00f3 folyad\u00e9k &#8211; behatol a hajszerkezetbe, t\u00e1pl\u00e1lja \u00e9s er\u0151s\u00edti azt, regener\u00e1lva a hajat.<\/li>\n<li>l\u00e9p\u00e9s &#8211; H-Detox potenc\u00edroz\u00f3 maszk 1L intenz\u00edv nedvess\u00e9gmaszk &#8211; meghat\u00e1rozza a sz\u00e1l kutikulainak bez\u00e1r\u00f3d\u00e1s\u00e1t, ez\u00e1ltal seg\u00edti az el\u0151z\u0151 l\u00e9p\u00e9sben kapott kedvez\u0151 hat\u00e1s fenntart\u00e1s\u00e1t, megv\u00e9di a hajat a negat\u00edv k\u00fcls\u0151 t\u00e9nyez\u0151kt\u0151l, \u00e9s el\u0151seg\u00edti a kezel\u00e9s hat\u00e1s\u00e1t hosszabb ideig .<\/li>\n<\/ol>\n<p><strong>H-Detox Prime haj m\u00e9regtelen\u00edt\u0151 kezel\u00e9si l\u00e9p\u00e9sek: <\/strong><\/p>\n<p>Haszn\u00e1ljon elegend\u0151 mennyis\u00e9g\u0171 H-Detox Prime tiszt\u00edt\u00f3 sampont a rendszeres hajmos\u00e1shoz. Vigye fel a teljes nedves hajra, \u00e9s finoman massz\u00edrozza. Ha sz\u00fcks\u00e9ges, ism\u00e9telje meg az elj\u00e1r\u00e1st. T\u00e1vol\u00edtsa el a felesleges vizet t\u00f6r\u00fclk\u00f6z\u0151vel \u00e9s ossza meg a hajat 4 r\u00e9szre. Vigyen fel a 2. l\u00e9p\u00e9sre a H-Detox z\u00f6ldl\u00e9 pelyheket, \u00e9s hagyja 5\u201310 percig m\u0171k\u00f6dni. Ne t\u00f6r\u00f6lje! Hajtiszt\u00edt\u00e1sa n\u00e9lk\u00fcl alkalmazza a 3. l\u00e9p\u00e9st &#8211; H-Detox potenc\u00edroz\u00f3 maszk, \u00fcgyelve arra, hogy fedje le a haj minden sz\u00e1l\u00e1t, \u00e9s hagyja, hogy ez 5 percig hatjon. 5 perc eltelt\u00e9vel alaposan mossa le a haj\u00e1t, \u00e9s a k\u00edv\u00e1nt m\u00f3don borotv\u00e1ljon le.<\/p>\n<p><strong>Figyelem! Kiz\u00e1r\u00f3lag profi szalonokhoz \u00e9s fodr\u00e1szokhoz k\u00e9sz\u00fclt term\u00e9k.<\/strong><\/p>\n<p>&nbsp;<\/p>\n","protected":false},"excerpt":{"rendered":"<p>H-Detox Prime &#8211; m\u00e9regtelen\u00edt\u0151 \u00e9s haj revitaliz\u00e1l\u00f3 kezel\u00e9s k\u00e9miai elj\u00e1r\u00e1sok vagy k\u00e1ros k\u00fcls\u0151 t\u00e9nyez\u0151k miatt. Aj\u00e1nlott a haj el\u0151k\u00e9sz\u00edt\u00e9s\u00e9hez a Keratin vagy a Hair B.tox kezel\u00e9se el\u0151tt, de a hajkondicion\u00e1l\u00f3 lehet\u0151 leg eg\u00e9szs\u00e9gesebb \u00e1llapot\u00e1ban is.<br \/>\nFigyelem! Kiz\u00e1r\u00f3lag profi szalonokhoz \u00e9s fodr\u00e1szokhoz k\u00e9sz\u00fclt term\u00e9k.<\/p>\n <a class=\"read-more\" href=\"https:\/\/honmatokyo.ro\/hu\/termek\/h-detox-prime-intenziv-haj-es-fejbor-meregtelenito-kezeles\/\">Read more<\/a>","protected":false},"featured_media":6616,"comment_status":"open","ping_status":"closed","template":"","meta":{"_monsterinsights_skip_tracking":false,"_monsterinsights_sitenote_active":false,"_monsterinsights_sitenote_note":"","_monsterinsights_sitenote_category":0},"product_brand":[],"product_cat":[256],"product_tag":[],"class_list":{"0":"post-4086","1":"product","2":"type-product","3":"status-publish","4":"has-post-thumbnail","6":"product_cat-brazil-keratin-es-b-tox-hajra","8":"first","9":"instock","10":"sale","11":"taxable","12":"shipping-taxable","13":"purchasable","14":"product-type-simple"},"_links":{"self":[{"href":"https:\/\/honmatokyo.ro\/hu\/wp-json\/wp\/v2\/product\/4086","targetHints":{"allow":["GET"]}}],"collection":[{"href":"https:\/\/honmatokyo.ro\/hu\/wp-json\/wp\/v2\/product"}],"about":[{"href":"https:\/\/honmatokyo.ro\/hu\/wp-json\/wp\/v2\/types\/product"}],"replies":[{"embeddable":true,"href":"https:\/\/honmatokyo.ro\/hu\/wp-json\/wp\/v2\/comments?post=4086"}],"wp:featuredmedia":[{"embeddable":true,"href":"https:\/\/honmatokyo.ro\/hu\/wp-json\/wp\/v2\/media\/6616"}],"wp:attachment":[{"href":"https:\/\/honmatokyo.ro\/hu\/wp-json\/wp\/v2\/media?parent=4086"}],"wp:term":[{"taxonomy":"product_brand","embeddable":true,"href":"https:\/\/honmatokyo.ro\/hu\/wp-json\/wp\/v2\/product_brand?post=4086"},{"taxonomy":"product_cat","embeddable":true,"href":"https:\/\/honmatokyo.ro\/hu\/wp-json\/wp\/v2\/product_cat?post=4086"},{"taxonomy":"product_tag","embeddable":true,"href":"https:\/\/honmatokyo.ro\/hu\/wp-json\/wp\/v2\/product_tag?post=4086"}],"curies":[{"name":"wp","href":"https:\/\/api.w.org\/{rel}","templated":true}]}}