{"id":4090,"date":"2017-01-25T13:46:17","date_gmt":"2017-01-25T11:46:17","guid":{"rendered":"https:\/\/honmatokyo.ro\/product\/brazil-keratin-kezeles-coffee-premium-all-liss-gondor-hajra\/"},"modified":"2026-05-11T18:58:16","modified_gmt":"2026-05-11T15:58:16","slug":"brazil-keratin-kezeles-coffee-premium-all-liss-gondor-hajra","status":"publish","type":"product","link":"https:\/\/honmatokyo.ro\/hu\/termek\/brazil-keratin-kezeles-coffee-premium-all-liss-gondor-hajra\/","title":{"rendered":"Brazil keratin kezel\u00e9s Coffee Premium All Liss &#8211; g\u00f6nd\u00f6r hajra"},"content":{"rendered":"<h3>Keratin hajkiegyenes\u00edt\u0151 kezel\u00e9s kr\u00e9ta Coffee Premium All Liss<\/h3>\n<p style=\"text-align: left;\">A Coffee Premium All Liss a leger\u0151sebb keratin hajkiegyenes\u00edt\u0151 kr\u00e9takezel\u00e9s. A hasonl\u00f3 kezel\u00e9sekhez haszn\u00e1lt egy\u00e9b elnevez\u00e9sek a foly\u00e9kony keratinkezel\u00e9s, a brazil keratinkezel\u00e9s, a foly\u00e9kony keratinkezel\u00e9s vagy a keratin hajkiegyenes\u00edt\u00e9s.<\/p>\n<p style=\"text-align: left;\"><strong>A Keratina Braziliana Coffee Premium All Liss<\/strong>-t kifejezetten vastag, tart\u00f3s, g\u00f6nd\u00f6r fonalhoz fejlesztett\u00e9k ki, amely hidrat\u00e1l\u00e1st \u00e9s szigor\u00fabb kezel\u00e9st ig\u00e9nyel. Ha m\u00e9g az els\u0151 mos\u00e1sig 24 \u00f3r\u00e1n \u00e1t tartj\u00e1k, akkor m\u00e9g a hajat is kiegyenes\u00edtik. A Coffee Premium gazdag feh\u00e9rj\u00e9kben \u00e9s aminosavakban. \u00d6sszet\u00e9tele tartalmazza a k\u00e1v\u00e9kivonatot \u00e9s a kationos polimereket, amelyek a haj kutikul\u00e1j\u00e1t\u00f3l a k\u00e9regig hatnak, \u00e1talak\u00edtj\u00e1k, hidrat\u00e1lj\u00e1k, cs\u00f6kkentik a porozit\u00e1st \u00e9s v\u00e9d\u0151r\u00e9teget k\u00e9peznek a haj f\u00f6l\u00e9. A Keratin Coffee Premium All Liss kezel\u00e9s ut\u00e1n a haja sima, selymes \u00e9s f\u00e9nyes lesz. Az elj\u00e1r\u00e1s v\u00e9g\u00e9n egy hidrat\u00e1l\u00f3 maszk ker\u00fcl felvitelre a 3. l\u00e9p\u00e9sben, amelynek hidrat\u00e1l\u00f3 \u00f6sszet\u00e9tele k\u00e1v\u00e9kivonattal \u00e9s Luna Matrix-nal van, amely l\u00e1gy \u00e9s f\u00e9nyes marad a hajban, \u00e9s seg\u00edt r\u00f6gz\u00edteni a hajkiegyenes\u00edt\u0151 hat\u00e1st.<\/p>\n<p><iframe loading=\"lazy\" title=\"Coffee Premium - Honma Tokyo - tratament keratina braziliana pas cu pas (EN)\" width=\"1660\" height=\"934\" src=\"https:\/\/www.youtube.com\/embed\/BjD2BpK9ZcQ?feature=oembed\" frameborder=\"0\" allow=\"accelerometer; autoplay; clipboard-write; encrypted-media; gyroscope; picture-in-picture\" allowfullscreen><\/iframe><\/p>\n<p style=\"text-align: left;\"><strong>Alkalmaz\u00e1si \u00fatmutat\u00f3 Keratina kezel\u00e9s Brazilianiana Coffee Premium All Liss<\/strong><\/p>\n<p style=\"text-align: left;\">1.Samponoljon a hajat k\u00e9tszer a Coffee Premium All Liss preparat\u00edv samponnal, az 1. l\u00e9p\u00e9s ut\u00e1n, a m\u00e1sodik sampon ut\u00e1n hagyja, hogy a hab 5 percig hatjon.<\/p>\n<p style=\"text-align: left;\"><strong>\u00a02.Alkalmazkod\u00e1s k\u00fcl\u00f6nb\u00f6z\u0151 t\u00edpus\u00fa hajhoz:<\/strong><\/p>\n<p style=\"text-align: left;\">&#8211; El\u00e9g vastag, k\u00f6zepes \u00e9s vastag, kifejezett fejb\u0151rrel rendelkez\u0151 haj, de a v\u00e9g\u00e9n hull\u00e1mos, elsz\u00ednez\u0151d\u00f6tt haj eset\u00e9n javasoljuk a Coffee Premium All Liss 2. l\u00e9p\u00e9s keratinj\u00e9t <a href=\"https:\/\/honmatokyo.ro\/hu\/termek\/h-bond-300ml-vedo-a-haj-elszinezodes-festes-keratin-hajkezelesere\/\">H-Bond Protectorral<\/a> 10: 1, azaz 100 ml ar\u00e1nyban kombin\u00e1lni. keratin K\u00e1v\u00e9 Premium 2. l\u00e9p\u00e9s keverje \u00f6ssze 10 ml H-Bond 1. l\u00e9p\u00e9ssel.<\/p>\n<p style=\"text-align: left;\">&#8211; Ha az \u00f6sszes haj elsz\u00ednez\u0151d\u00f6tt, de j\u00f3, k\u00f6zepesen vastag, akkor a 2. l\u00e9p\u00e9st a Premium Premium All Liss \u00e9s a 2. l\u00e9p\u00e9s<a href=\"https:\/\/honmatokyo.ro\/hu\/termek\/b_tox-hajkezeles-h-brush-hair-b_tox-a-haj-regeneralodasahoz\/\"> H-Brush B.tox Platinum<\/a> term\u00e9k\u00e9vel kombin\u00e1lhatjuk, hogy cs\u00f6kkents\u00fck a keratin erej\u00e9t, \u00e9s hidrat\u00e1l\u00f3djunk \u00e9s regener\u00e1l\u00f3djunk. jobb haj. Ez az ar\u00e1ny 4: 1, p\u00e9ld\u00e1ul 60 ml keratin K\u00e1v\u00e9 pr\u00e9mium eset\u00e9n 15 ml <a href=\"https:\/\/honmatokyo.ro\/hu\/termek\/b_tox-hajkezeles-h-brush-hair-b_tox-a-haj-regeneralodasahoz\/\">H-Brush B.tox Platinum-t<\/a> adagolunk. Hasonl\u00f3k\u00e9ppen, ez a kombin\u00e1ci\u00f3 akkor is haszn\u00e1lhat\u00f3, ha a haj k\u00f6zepes vagy v\u00e9konyabb, j\u00f3 \u00e1llapotban, de nem t\u00fal g\u00f6nd\u00f6r, csak kifejezettebb g\u00f6nd\u00f6r vagy nagy volumen\u0171, \u00e9s ebben az esetben nincs sz\u00fcks\u00e9g hajra. a keratin maxim\u00e1lis kiegyenes\u00edt\u0151 ereje.<\/p>\n<p style=\"text-align: left;\">&#8211; A fent bemutatott, s\u00e9r\u00fclt haj\u00fa helyzetekben a H-Bond Protector keratin felhord\u00e1sa el\u0151tt permetez\u00e9ssel haszn\u00e1lhat\u00f3. Spray <a href=\"https:\/\/honmatokyo.ro\/hu\/termek\/h-bond-300ml-vedo-a-haj-elszinezodes-festes-keratin-hajkezelesere\/\">H-Bond Protector<\/a> t\u00f6r\u00f6lje le, hogy a haj kezel\u00e9st kapjon, vagy csak az elsz\u00ednez\u0151d\u00f6tt t\u00f6rl\u0151kend\u0151k\u00f6n hagyja 10 percig hatni, majd keratint alkalmazzon tiszt\u00edt\u00e1s n\u00e9lk\u00fcl. Ha a haj teljes fel\u00fclet\u00e9re felvissz\u00fck, \u00e9s ha a haj \u00e1llapota lehet\u0151v\u00e9 teszi, akkor v\u00edzzel h\u00edg\u00edthatjuk, att\u00f3l f\u00fcgg\u0151en, hogy a haj mennyire s\u00e9r\u00fclt, 1: 1 \u00e9s 1: 4 k\u00f6z\u00f6tt. A H-k\u00f6t\u00e9s ak\u00e1r 40% -kal er\u0151s\u00edti a haj diszlidid k\u00f6t\u00e9seit, tov\u00e1bbi hidrat\u00e1l\u00e1st \u00e9s regener\u00e1ci\u00f3t k\u00edn\u00e1l a haj sz\u00e1m\u00e1ra, \u00e9s \u00edgy ellen\u00e1ll a lemez magas h\u0151m\u00e9rs\u00e9kleten t\u00f6rt\u00e9n\u0151 kezel\u00e9s\u00e9vel.<\/p>\n<p style=\"text-align: left;\">&#8211; Ha a haja k\u00f6zepes vagy k\u00f6zepes vastags\u00e1g\u00fa, eg\u00e9szs\u00e9ges \u00e9s er\u0151s r\u00e1ncod\u00e1si hajlammal rendelkezik, akkor a<a href=\"https:\/\/honmatokyo.ro\/hu\/termek\/brazil-keratin-kezeles-coffee-premium-all-liss-gondor-hajra\/\"> Coffee Premium 2. l\u00e9p\u00e9se<\/a> alkalmazhatja a tiszta k\u00e1v\u00e9 pr\u00e9miumot.<\/p>\n<p style=\"text-align: left;\">3. sz\u00e1raz haj 100% samponnal<\/p>\n<p style=\"text-align: left;\">4. Vigyen fel a Keratina <a href=\"https:\/\/honmatokyo.ro\/hu\/termek\/brazil-keratin-kezeles-coffee-premium-all-liss-gondor-hajra\/\">Coffee Premium 2. l\u00e9p\u00e9st<\/a> vagy az oldatot H-Bonddal vagy H-Brush B.tox Capillar kupakkal 1 cm-re a gy\u00f6k\u00e9rt\u0151l, a homlokt\u00f3l kezdve a homlokig. Vigy\u00e1zat! Haszn\u00e1ljon keszty\u0171t a k\u00e9zv\u00e9delemhez!<\/p>\n<p style=\"text-align: left;\">5. F\u00e9s\u00fclje meg a haj\u00e1t, hogy \u00e1lljon egyenesen, az \u00f6sszes sz\u00e1lnak a h\u00e1tulj\u00e1n sorakozva, \u00e9s hagyja, hogy az oldat 30 percig m\u0171k\u00f6dj\u00f6n.<\/p>\n<p style=\"text-align: left;\">6.\u00a0Sz\u00e1r\u00edtsa meg a haj\u00e1t 100% hideg leveg\u0151 samponnal. Zavar\u00f3 szagot \u00e9rezhet, amikor a keratint felhordja, majd a bors\u00f3val sz\u00e1r\u00edtja, majd a t\u00e1ny\u00e9rra hajlamos\u00edtja, m\u00e1r nem fogja \u00e9rezni.<\/p>\n<p style=\"text-align: left;\">7.\u00a0Egyenes\u00edtse ki a hajat a lemezzel 190\u2013230 fokon, a h\u0151m\u00e9rs\u00e9kletet a haj t\u00edpus\u00e1t\u00f3l f\u00fcgg\u0151en v\u00e1lasztja meg, min\u00e9l v\u00e9konyabb \u00e9s s\u00e9r\u00fclt a sz\u00e1l, ann\u00e1l alacsonyabb a h\u0151m\u00e9rs\u00e9klet, de ha \u00e9szrevessz\u00fck, hogy 7- Ha a lemezt t\u00edzszeresen \u00e1t a szil\u00e1nkon tov\u00e1bb t\u00f6ltik, akkor meg kell n\u00f6velni a h\u0151m\u00e9rs\u00e9kletet, hogy a keratin bel\u00e9phessen \u00e9s lez\u00e1r\u00f3djon a huzalban. \u00d6sszess\u00e9g\u00e9ben a lemezt mindegyik konzolon 7\u201314-szer haladj\u00e1k \u00e1t. A lakoszt\u00e1lyok m\u00e9rete 3-4 cm \u00e9s 1 cm sz\u00e9les volt a fejb\u0151r fel\u00fclet\u00e9n. Ha t\u00fal vastag csavarokat vesznek, akkor azok sz\u00e1lak maradnak le nem z\u00e1r\u00f3dott keratinnal. Figyelem az elsz\u00ednez\u0151d\u00f6tt vagy nagyon s\u00e9r\u00fclt cs\u00facsokra; ezeket a lemezzel kevesebbszer haladj\u00e1k \u00e1t, javasoljuk 5-7-szer. Figyelem! Haszn\u00e1lja a <a href=\"https:\/\/honmatokyo.ro\/hu\/product\/hajlemez-fazekassag-turmalin\/\">turmalin bevonattal ell\u00e1tott hajlemezt<\/a>, mert technol\u00f3gi\u00e1ja lehet\u0151v\u00e9 teszi a hidroliz\u00e1lt keratin \u00e9s a cisztein \u00e1thatol\u00e1s\u00e1t a k\u00e9regbe, megtartja a sz\u00e1l hidrat\u00e1l\u00f3d\u00e1s\u00e1t, hat\u00e9konyan lez\u00e1rja a kutikul\u00e1t, \u00e9s az eredm\u00e9ny nyilv\u00e1nval\u00f3an hosszabb ideig fennmarad.<\/p>\n<p style=\"text-align: left;\">8.\u00a0A lez\u00e1r\u00e1s ut\u00e1n, 20 perccel a haj leh\u0171l\u00e9se ut\u00e1n az els\u0151 samponmentes \u00f6bl\u00edt\u00e9s csak v\u00edzzel \u00e9s egy Coffee Premium Ultra Shine 3. l\u00e9p\u00e9s maszkkal t\u00f6rt\u00e9nik<\/p>\n<p style=\"text-align: left;\">9.\u00a0Ezut\u00e1n sz\u00e1r\u00edtsa meg a hajat a meleg leveg\u0151vel, enyh\u00e9n f\u00e9s\u00fclje le f\u00e9s\u0171vel, \u00e9s \u00edgy megkapja a v\u00e9gs\u0151 eredm\u00e9nyt<\/p>\n<p style=\"text-align: left;\">10.\u00a0Ha a lez\u00e1r\u00e1s ut\u00e1n 3-6 \u00f3r\u00e1n \u00e1t \u00e1llhatatlanul \u00e1llhat, akkor a keratin hat\u00e1sa jobb \u00e9s a hidrat\u00e1l\u00e1s intenz\u00edvebb, de ebben az id\u0151szakban a haj ne tapadjon elasztikusan \u00e9s ne legyen nedves. Javasoljuk, hogy ne hagyja a hajat egy \u00e9jszak\u00e1n \u00e1t az els\u0151 tiszt\u00edt\u00e1s n\u00e9lk\u00fcl, mert gy\u0171r\u0151d\u00e9sek alakulhatnak ki, vagy izzad\u00e1ssal megnedves\u00edthet\u0151k, \u00e9s a tonhal m\u00e1r nem \u00e1ll egyenesen a nedves vagy \u00f6sszehajtogatott ter\u00fcleteken. K\u00fcl\u00f6n\u00f6sen azt javasoljuk, hogy az els\u0151 tiszt\u00edt\u00e1st a 3. l\u00e9p\u00e9s maszkj\u00e1nak felhaszn\u00e1l\u00e1s\u00e1val a g\u00f6nd\u00f6r vagy kisz\u00e1radt haj eset\u00e9ben a z\u00e1r\u00e1s ut\u00e1n 3\u20136 \u00f3r\u00e1val kell elv\u00e9gezni<\/p>\n<p style=\"text-align: left;\">11.\u00a0A Pas3 maszk k\u00fcl\u00f6n haszn\u00e1lhat\u00f3 kezel\u00e9sre az intenz\u00edv hidrat\u00e1l\u00e1s, regener\u00e1l\u00e1s \u00e9s a haj kutikula z\u00e1r\u00e1sa \u00e9rdek\u00e9ben. A haj k\u00fcl\u00f6nleges \u00e1llapot\u00e1nak fenntart\u00e1s\u00e1hoz elegend\u0151 2 hetente felvinni<\/p>\n<p style=\"text-align: left;\">12.\u00a0M\u00e1snap a keratin kezel\u00e9s ut\u00e1n, miut\u00e1n az els\u0151 maszkot m\u00e1r az els\u0151 napon megtiszt\u00edtottuk, az els\u0151 samponmos\u00e1st<a href=\"https:\/\/honmatokyo.ro\/hu\/termek-kategoria\/sampon-balzsam-es-hajapolo-maszk-keratin-kezeles-utan\/\"> a Honma Toki\u00f3 karbantart\u00e1si sorozat\u00e1ban v\u00e9gezhetj\u00fck.<\/a> A Honma Tokyo b\u0151r\u00e1pol\u00f3 term\u00e9keket keratinkezel\u00e9s ut\u00e1n javasoljuk, hogy meghosszabb\u00edts\u00e1k a hat\u00e1st, fenntartj\u00e1k a haj hidrat\u00e1ci\u00f3j\u00e1t, rugalmass\u00e1g\u00e1t \u00e9s eg\u00e9szs\u00e9g\u00e9t.<\/p>\n<p style=\"text-align: left;\"><strong>Kezel\u00e9s fenntart\u00e1sa:<\/strong><\/p>\n<p style=\"text-align: left;\">Annak \u00e9rdek\u00e9ben, hogy a Keratina Coffee Premium kezel\u00e9s legfeljebb 6 h\u00f3napig tartson, <a href=\"https:\/\/honmatokyo.ro\/hu\/termek-kategoria\/sampon-balzsam-es-hajapolo-maszk-keratin-kezeles-utan\/\">a Honma Tokyo term\u00e9kcsal\u00e1d speci\u00e1lis karbantart\u00f3 term\u00e9keit kell haszn\u00e1lni.<\/a> V\u00e1lasszon b\u00e1rmilyen karbantart\u00e1si k\u00e9szletet, amely a legjobban tetszik, mindegyik alkalmas keratinnal vagy haj b.tox kezel\u00e9ssel. A karbantart\u00e1si samponok, kondicion\u00e1l\u00f3 szerek \u00e9s maszkok nem tartalmaznak olyan \u00f6sszetev\u0151ket, amelyek kinyitj\u00e1k a haj kutikus\u00e1t, hossz\u00fa ideig tartj\u00e1k a hajban a keratint, olajak \u00e9s hidroliz\u00e1lt keratin hozz\u00e1ad\u00e1s\u00e1val hidrat\u00e1lj\u00e1k \u00e9s regener\u00e1lj\u00e1k a hajat, extra f\u00e9nyt \u00e9s simas\u00e1got adnak par. A Honma Toki\u00f3n k\u00edv\u00fcli egy\u00e9b karbantart\u00f3 term\u00e9kek haszn\u00e1lata kevesebb, mint 3-4 h\u00e9t alatt elt\u00e1vol\u00edthatja a sz\u0151rsz\u00e1laka.<\/p>\n<p style=\"text-align: left;\"><strong>\u00f3vint\u00e9zked\u00e9sek:<\/strong><\/p>\n<p style=\"text-align: left;\">A gyermekekt\u0151l elz\u00e1rva tartand\u00f3. Nem fogyasztj\u00e1k. V\u00e9letlen szembe ker\u00fcl\u00e9s eset\u00e9n \u00f6bl\u00edtse le b\u0151 v\u00edzzel. Irrit\u00e1ci\u00f3 eset\u00e9n abba kell hagyni a felhaszn\u00e1l\u00e1st \u00e9s orvoshoz kell fordulni. V\u00e9dje f\u00e9nyt\u0151l \u00e9s h\u0151t\u0151l. Csak k\u00fcls\u0151 haszn\u00e1latra<\/p>\n<p style=\"text-align: left;\">* Figyelem: A hajkezel\u00e9s eredm\u00e9ny\u00e9nek min\u0151s\u00e9ge \u00e9s a hat\u00e1s id\u0151tartama att\u00f3l f\u00fcgg, hogy helyesen alkalmazz\u00e1k-e a hajlemezzel t\u00f6rt\u00e9n\u0151 lez\u00e1r\u00e1st, figyelemmel k\u00eds\u00e9rve a kezel\u00e9s elv\u00e9gz\u00e9s\u00e9nek l\u00e9p\u00e9seit \u00e9s a karbantart\u00e1st a Honma Tokyo speci\u00e1lis haj\u00e1pol\u00e1si term\u00e9keivel, amelyeket a meghosszabb\u00edtani a kezel\u00e9s hat\u00e1s\u00e1t<\/p>\n","protected":false},"excerpt":{"rendered":"<p style=\"text-align: left;\"><strong>A keratin hajkiegyenes\u00edt\u0151 vastag kr\u00e9ta, amely term\u00e9szetesen ellen\u00e1ll b\u00e1rmilyen sz\u00ednnek!\u00a0<\/strong>A hajat ugyanazon a napon mostuk. Vastag \u00e9s tart\u00f3s fonalakhoz alkalmas.\u00a0A hajkiegyenes\u00edt\u00e9ssel egyidej\u0171leg a hidrat\u00e1ci\u00f3 \u00e9s a f\u00e9ny is regener\u00e1l\u00f3dik.\u00a0Hat h\u00f3napig *. Az EU-ban regisztr\u00e1lt term\u00e9k, nem m\u00e9rgez\u0151, nem tartalmaz formalint.<\/p>\n<pre id=\"tw-target-text\" class=\"tw-data-text tw-text-large tw-ta\" dir=\"ltr\" data-placeholder=\"Traducere\"><\/pre>\n<pre id=\"tw-target-text\" class=\"tw-data-text tw-text-large tw-ta\" dir=\"ltr\" data-placeholder=\"Traducere\"><\/pre>\n<p>&nbsp;<\/p>\n<p>&nbsp;<\/p>\n<pre id=\"tw-target-text\" class=\"tw-data-text tw-text-large tw-ta\" dir=\"ltr\" data-placeholder=\"Traducere\"><\/pre>\n <a class=\"read-more\" href=\"https:\/\/honmatokyo.ro\/hu\/termek\/brazil-keratin-kezeles-coffee-premium-all-liss-gondor-hajra\/\">Read more<\/a>","protected":false},"featured_media":6934,"comment_status":"open","ping_status":"closed","template":"","meta":{"_monsterinsights_skip_tracking":false,"_monsterinsights_sitenote_active":false,"_monsterinsights_sitenote_note":"","_monsterinsights_sitenote_category":0},"product_brand":[],"product_cat":[256],"product_tag":[],"class_list":{"0":"post-4090","1":"product","2":"type-product","3":"status-publish","4":"has-post-thumbnail","6":"product_cat-brazil-keratin-es-b-tox-hajra","8":"first","9":"instock","10":"sale","11":"taxable","12":"shipping-taxable","13":"purchasable","14":"product-type-variable"},"_links":{"self":[{"href":"https:\/\/honmatokyo.ro\/hu\/wp-json\/wp\/v2\/product\/4090","targetHints":{"allow":["GET"]}}],"collection":[{"href":"https:\/\/honmatokyo.ro\/hu\/wp-json\/wp\/v2\/product"}],"about":[{"href":"https:\/\/honmatokyo.ro\/hu\/wp-json\/wp\/v2\/types\/product"}],"replies":[{"embeddable":true,"href":"https:\/\/honmatokyo.ro\/hu\/wp-json\/wp\/v2\/comments?post=4090"}],"wp:featuredmedia":[{"embeddable":true,"href":"https:\/\/honmatokyo.ro\/hu\/wp-json\/wp\/v2\/media\/6934"}],"wp:attachment":[{"href":"https:\/\/honmatokyo.ro\/hu\/wp-json\/wp\/v2\/media?parent=4090"}],"wp:term":[{"taxonomy":"product_brand","embeddable":true,"href":"https:\/\/honmatokyo.ro\/hu\/wp-json\/wp\/v2\/product_brand?post=4090"},{"taxonomy":"product_cat","embeddable":true,"href":"https:\/\/honmatokyo.ro\/hu\/wp-json\/wp\/v2\/product_cat?post=4090"},{"taxonomy":"product_tag","embeddable":true,"href":"https:\/\/honmatokyo.ro\/hu\/wp-json\/wp\/v2\/product_tag?post=4090"}],"curies":[{"name":"wp","href":"https:\/\/api.w.org\/{rel}","templated":true}]}}