{"id":4211,"date":"2017-01-03T23:44:05","date_gmt":"2017-01-03T21:44:05","guid":{"rendered":"https:\/\/honmatokyo.ro\/product\/botox-hajkezeles-h-brush-hair-botox-a-haj-regeneralodasahoz\/"},"modified":"2021-08-20T13:16:48","modified_gmt":"2021-08-20T10:16:48","slug":"b_tox-hajkezeles-h-brush-hair-b_tox-a-haj-regeneralodasahoz","status":"publish","type":"product","link":"https:\/\/honmatokyo.ro\/hu\/termek\/b_tox-hajkezeles-h-brush-hair-b_tox-a-haj-regeneralodasahoz\/","title":{"rendered":"B.tox hajkezel\u00e9s &#8211; H-Brush Hair B.tox &#8211; a haj regener\u00e1l\u00f3d\u00e1s\u00e1hoz"},"content":{"rendered":"<p><iframe loading=\"lazy\" title=\"H-Brush + H-Bond Protector Honma Tokyo\" width=\"1660\" height=\"934\" src=\"https:\/\/www.youtube.com\/embed\/q7iUyCgEWqw?feature=oembed\" frameborder=\"0\" allow=\"accelerometer; autoplay; clipboard-write; encrypted-media; gyroscope; picture-in-picture\" allowfullscreen><\/iframe><\/p>\n<h3>B.tox hajregener\u00e1l\u00f3 kezel\u00e9s H-kefe B.tox Platinum<\/h3>\n<p><strong>Kezel\u00e9s a B.tox hajregener\u00e1l\u00f3val H-Brush A B.tox Capillar<\/strong> egy innovat\u00edv rendszer, amely N-acetil-cisztein, Luna-Matrix, elasztin, z\u00f6ld tea \u00e9s olajos olaj tartalm\u00e1t tartalmazza. k\u00e9miai elj\u00e1r\u00e1sokkal elvesz\u00edtett mennyis\u00e9g.<\/p>\n<p><strong>Hair B.tox hajregener\u00e1l\u00f3 H-kefe B.tox Capillar Step 2, a Honma Tokyo<\/strong>, t\u00f6k\u00e9letes megold\u00e1s azok sz\u00e1m\u00e1ra, akik hidrat\u00e1lt, selymes, f\u00e9nyes, k\u00f6nnyen f\u00e9s\u00fclhet\u0151 hajat akarnak. S\u0171r\u0171, t\u00fal nagy mennyis\u00e9g\u0171, nem zavar\u00f3, mos\u00e1s ut\u00e1n vagy nedves id\u0151ben elmos\u00f3dott haj eset\u00e9n a H-Brush Hair B.tox az enyh\u00e9n g\u00f6nd\u00f6r, puha \u00e9s hidrat\u00e1lt haj, valamint a nagy f\u00e9nyess\u00e9g kulcsa. A term\u00e9szetes H-Brush Hair B.tox g\u00f6nd\u00f6r form\u00e1j\u00e1t, rugalmass\u00e1g\u00e1t \u00e9s maxim\u00e1lis hidrat\u00e1lts\u00e1g\u00e1t biztos\u00edtja sz\u00e1mukra, hogy a sz\u00e1r\u00edt\u00e1s \u00e9s a hajform\u00e1z\u00e1s \u00f6r\u00f6m legyen, an\u00e9lk\u00fcl, hogy sok id\u0151t vesz\u00edten\u00e9.<\/p>\n<p>Ugyanakkor a H-Brush B.tox Capillar kezel\u00e9st a Honma Tokyo hajkiegyenes\u00edt\u0151 kezel\u00e9sekkel kombin\u00e1lva lehet haszn\u00e1lni, hogy nagyobb energi\u00e1t biztos\u00edtsanak sz\u00e1mukra a haj regener\u00e1l\u00e1s\u00e1hoz \u00e9s hidrat\u00e1l\u00e1s\u00e1hoz. A H-Brush Hair B.tox kezel\u00e9s term\u00e9szetes lila-k\u00e9k pigmenteket tartalmaz, amelyek lev\u00e1gj\u00e1k a cs\u00fanya s\u00e1rga sz\u00edn\u00e9t. Ha nem k\u00edv\u00e1nunk \u00e1rnyalatot, akkor a 50% sz\u00e1raz hajra alkalmazott Plasthair Bixyplastia Precious Blend kezel\u00e9st alkalmazhatjuk, \u00e9s b.tox hat\u00e1s\u00fa lesz, an\u00e9lk\u00fcl, hogy a haj egyenes lenne. A kezel\u00e9s ut\u00e1n a haj nagyon hidrat\u00e1lt, selymes \u00e9s k\u00fcl\u00f6nleges f\u00e9ny\u0171. A H-Brush B.tox Capillar term\u00e9k jelent\u0151s el\u0151nye az \u00e1r-mennyis\u00e9g ar\u00e1ny, mivel kezel\u00e9sre csak 25-35 ml-t haszn\u00e1lnak. A kezel\u00e9si eredm\u00e9nyek legfeljebb 3 h\u00f3napig megmaradnak.<\/p>\n<h4>Haszn\u00e1lati \u00fatmutat\u00f3:<\/h4>\n<ol>\n<li>Mossuk le a haj\u00e1t az 1. l\u00e9p\u00e9s tiszt\u00edt\u00f3 samponnal, \u00e9s t\u00f6r\u00f6lk\u00f6z\u0151vel t\u00e1vol\u00edtsuk el a felesleges vizet a hajb\u00f3l.<\/li>\n<li>Vegyen n\u00e9h\u00e1ny sz\u00e1lot, \u00e9s ny\u00fajtsa ki a haj szil\u00e1rds\u00e1g\u00e1t. Ha a sz\u00e1lak t\u00fal kem\u00e9nyen fesz\u00fclnek, akkor a s\u00e9r\u00fclt \u00e9s t\u00f6r\u00e9keny hajra utal, amelyre spray-vel t\u00f6rt\u00e9n\u0151 H-Bond Protector kezel\u00e9s sz\u00fcks\u00e9ges, \u00e9s 10 percig hagyja hatni, miel\u0151tt felviszi a H-Brush B.tox Cappilar-t.<\/li>\n<li><strong>Megjegyz\u00e9s:<\/strong> Nagyon s\u00e9r\u00fclt \u00e9s t\u00f6r\u00e9keny haj eset\u00e9n, amely m\u00e9g a 160 fokos plakk haszn\u00e1lat\u00e1t sem teszi lehet\u0151v\u00e9 a H-Brush B.tox kezel\u00e9s lez\u00e1r\u00e1s\u00e1ra, aj\u00e1nlott a hajsz\u00e1l m\u00e9regtelen\u00edt\u00e9se, rekonstru\u00e1l\u00e1sa \u00e9s hidrat\u00e1l\u00e1sa a <a href=\"https:\/\/honmatokyo.ro\/hu\/product\/h-detox-prime-intenziv-haj-es-fejbor-meregtelenito-kezeles\/\">H-Detox Prime<\/a>, <a href=\"https:\/\/honmatokyo.ro\/hu\/product\/h-bond-300ml-vedo-a-haj-elszinezodes-festes-keratin-hajkezelesere\/\">H-Bond<\/a> kezel\u00e9sek seg\u00edts\u00e9g\u00e9vel. V\u00e9d\u0151 \u00e9s a folyamat v\u00e9g\u00e9n a <a href=\"https:\/\/honmatokyo.ro\/hu\/product\/honma-pro-integrale-dd-hajkrem-300ml-benne-hagyhato-befejezo-keratin-vagy-hajbotox-kezeles\/\">DD hajkr\u00e9m<\/a> maradjon bevonva! A maxim\u00e1lis eredm\u00e9ny el\u00e9r\u00e9se \u00e9rdek\u00e9ben ism\u00e9telje meg ezt a kezel\u00e9si \u00fctemtervet 3-4 alkalommal, az alkalmaz\u00e1sok k\u00f6z\u00f6tt 5-7 naponta. Ez a kezel\u00e9si elj\u00e1r\u00e1s k\u00e9pes \u00e1talak\u00edtani egy nagyon s\u00e9r\u00fclt, por\u00f3zus, tompa, f\u00e9nytelens\u00e9get, instabil bels\u0151 szerkezettel (hajlamos a t\u00f6r\u00e9sre) regener\u00e1lt, hidrat\u00e1lt \u00e9s selymes hajban. Ezekkel a kezel\u00e9sekkel a k\u00e9reg m\u00e1trixa helyre\u00e1ll, a haj megkapja a sz\u00fcks\u00e9ges \u00f6sszetev\u0151ket a kapill\u00e1ris rostr\u00e9tegek intenz\u00edv \u00e1talak\u00edt\u00e1s\u00e1hoz \u00e9s rehidr\u00e1l\u00e1s\u00e1hoz, az alkalmazott k\u00e9miai elj\u00e1r\u00e1sok (er\u0151s \u00e9s gyakori elsz\u00ednez\u0151d\u00e9s, \u00e1lland\u00f3 oldatok, oxid\u00e1ci\u00f3s folyamatok) k\u00f6vetkezt\u00e9ben kit\u00f6lti a strukt\u00fara hi\u00e1nyoss\u00e1gait \u00e9s mechanikus (a hajlap, a g\u00f6nd\u00f6r felhord\u00e1sa) jelent\u0151sen n\u00f6veli a haj ellen\u00e1ll\u00e1s\u00e1t \u00e9s el\u0151k\u00e9sz\u00edti a hajkiegyenes\u00edt\u00e9s kezel\u00e9s\u00e9re.<\/li>\n<li>\u00d6nts\u00f6n a t\u00e1lba 30 ml H-Brush Hair Botox 2. l\u00e9p\u00e9st<\/li>\n<li>F\u00e9s\u00fclje meg a hajat, \u00e9s ossza meg 4 r\u00e9szre.<\/li>\n<li>A szil\u00e1nkot a h\u00e1ts\u00f3 r\u00e9sz\u00e9t\u0151l a homlokig kell felvinni, 1 cm-re hagyva a gy\u00f6k\u00e9rt\u0151l. Vigy\u00e1zat! Haszn\u00e1ljon keszty\u0171t a k\u00e9zv\u00e9delemhez!<\/li>\n<li>Miut\u00e1n a term\u00e9ket 3-4 vontat\u00f3haj\u00f3ra felhordta, a t\u00f6r\u00fclk\u00f6z\u0151t megh\u00fazta \u00e9s fesz\u00fclts\u00e9g alatt tartotta, h\u00fazza \u00e1t rajta egy fogakkal, hogy elt\u00e1vol\u00edtsa a felesleges term\u00e9ket. Ha a felesleget nem t\u00e1vol\u00edtj\u00e1k el megfelel\u0151en, akkor a haj kem\u00e9nyen kisz\u00e1rad, \u00e9s kem\u00e9nyebben is lez\u00e1rul a lemezzel.<\/li>\n<li>Hagyja hatni 20 percig.<\/li>\n<li>A haj 100\u2013100 l\u00e1bon sz\u00e1rul, hideg leveg\u0151vel kezdj\u00fck, de meleg leveg\u0151vel befejezhetj\u00fck, hogy nagyon sz\u00e1raz legyen.<\/li>\n<li>Ossza vissza a hajat 4 r\u00e9szre, \u00e9s ugyan\u00edgy vegye a s\u00f6rt a s\u00f6rttel (a fejb\u0151s\u00e9g alj\u00e1n 1 cm vastag \u00e9s legfeljebb 4 cm sz\u00e9les), \u00e9s z\u00e1rja le a lemezt 7\u201314-szer \u00e1thaladva a t\u00e1ny\u00e9ronk\u00e9nt minden sz\u00e1lon. A s\u00e9r\u00fclt, por\u00f3zus \u00e9s elsz\u00ednez\u0151d\u00f6tt hajon ritk\u00e1bban halad \u00e1t, valamint a s\u00e9r\u00fclt v\u00e9g\u00e9n \u00e9s eg\u00e9szs\u00e9ges hajon ak\u00e1r 14-szer. A lemez h\u0151m\u00e9rs\u00e9klet\u00e9t a haj t\u00edpus\u00e1t\u00f3l f\u00fcgg\u0151en \u00e1ll\u00edthatjuk be: 160-180 fok a finom s\u00e9r\u00fclt hajokn\u00e1l, 190-210 fok a k\u00f6zepes vastags\u00e1g\u00fa \u00e9s 220-230 fok a vastag hajn\u00e1l.<\/li>\n<li>Megjegyz\u00e9s: A lez\u00e1r\u00e1s ut\u00e1n a hajnak lamin\u00e1ltnak \u00e9s f\u00e9nyesnek kell lennie. Ha zs\u00edros \u00e9s bet\u00f6lt\u00f6tt, akkor a term\u00e9k nincs j\u00f3l lez\u00e1rva a hajban. Haszn\u00e1lja a <a href=\"https:\/\/honmatokyo.ro\/hu\/product\/hajlemez-fazekassag-turmalin\/\">turmalin bevonattal ell\u00e1tott hajlemezt<\/a>, mert technol\u00f3gi\u00e1ja lehet\u0151v\u00e9 teszi a hidroliz\u00e1lt keratin \u00e9s cisztein \u00e1thatol\u00e1s\u00e1t a k\u00e9regben, megtartja a sz\u00e1l hidrat\u00e1l\u00f3d\u00e1s\u00e1t, hat\u00e9konyan lez\u00e1rja a kutikul\u00e1t, \u00e9s az eredm\u00e9ny nyilv\u00e1nval\u00f3an hosszabb ideig fennmarad.<\/li>\n<li>A sim\u00edt\u00f3 \u00e9s hidrat\u00e1l\u00f3 hat\u00e1s m\u00e9g kifejezettebb lesz, ha a haj 3-6 \u00f3ra eltelt\u00e9vel megtisztul. A tiszt\u00edt\u00e1st csak v\u00edzzel, sampon n\u00e9lk\u00fcl v\u00e9gezz\u00fck.<\/li>\n<li>M\u00e1snap el lehet v\u00e9gezni az els\u0151 samponmos\u00e1st a Honma Tokyo Care term\u00e9kcsal\u00e1dban, \u00e9s aj\u00e1nlott, hogy az els\u0151 samponmos\u00e1sig a hajat ne h\u00fazza rugalmasan vagy m\u00e1s m\u00f3don, hanem egyenesen hagyja.<\/li>\n<\/ol>\n<h4>Kezel\u00e9s fenntart\u00e1sa:<\/h4>\n<p>A H-Brush B.tox Capillar regener\u00e1ci\u00f3s \u00e9s sim\u00edt\u00f3 kezel\u00e9s\u00e9nek ak\u00e1r 3 h\u00f3napig t\u00f6rt\u00e9n\u0151 fenntart\u00e1s\u00e1hoz a Honma Tokyo term\u00e9kcsal\u00e1d speci\u00e1lis karbantart\u00f3 term\u00e9keit kell haszn\u00e1lni. V\u00e1lasszon b\u00e1rmilyen karbantart\u00f3 k\u00e9szletet, amely a legjobban tetszik, mindegyik keratin- vagy b.tox-kezel\u00e9s ut\u00e1n megfelel\u0151. A karbantart\u00e1si tartom\u00e1nyba tartoz\u00f3 samponokat, kondicion\u00e1l\u00f3szereket \u00e9s maszkokat kifejezetten \u00fagy tervezt\u00e9k, hogy a kutikula z\u00e1rva maradjon, hossz\u00fa ideig tartsa a keratint a hajban, \u00e9s hidrat\u00e1lja \u00e9s regener\u00e1lja a hajat olajok \u00e9s hidroliz\u00e1lt keratin hozz\u00e1ad\u00e1s\u00e1val, hidrat\u00e1lja \u00e9s regener\u00e1lja a hajat, extra f\u00e9nyt \u00e9s sima hajot adjon. A Honma Toki\u00f3n k\u00edv\u00fcli egy\u00e9b karbantart\u00f3 term\u00e9kek haszn\u00e1lata kevesebb, mint h\u00e1rom h\u00e9t alatt elt\u00e1vol\u00edthatja a sz\u0151rsz\u00e1lakat.<\/p>\n<h4>el\u0151nyei:<\/h4>\n<p>Mivel nedves hajra alkalmazz\u00e1k, kis mennyis\u00e9g\u0171 25-35 ml oldatot haszn\u00e1lnak, teh\u00e1t 1 liter elegend\u0151 35-40 kezel\u00e9sre. A kezel\u00e9s eredm\u00e9ny\u00e9t 30 perc alatt kapjuk meg, nem kell 72 \u00f3r\u00e1t v\u00e1rni az els\u0151 hajmos\u00e1sig. Az alkalmaz\u00e1s sor\u00e1n nem bocs\u00e1t ki f\u00fcst\u00f6ket, zavar\u00f3 szagot a leveg\u00f5n vagy a szemen. A hat\u00e1s 3 h\u00f3napig fennmarad.<\/p>\n<p>A term\u00e9ket azonnal fel lehet festeni. A sz\u00ednez\u00e9s befejez\u00e9s\u00e9hez a szok\u00e1sos m\u00f3don mossa meg a haj\u00e1t v\u00edzzel \u00e9s samponnal, majd t\u00e1vol\u00edtsa el a vizet egy t\u00f6r\u00fclk\u00f6z\u0151vel a H-Brush B.Tox Platinum 2. l\u00e9p\u00e9sr\u0151l, a tiszt\u00edt\u00f3 sampon haszn\u00e1lata n\u00e9lk\u00fcl. mivel a hajfest\u00e9k l\u00fagos \u00e9s el\u00e9g j\u00f3l megnyitja a kutikul\u00e1t, ez\u00e9rt nincs sz\u00fcks\u00e9g tiszt\u00edt\u00f3 samponra. \u00c9ppen ellenkez\u0151leg, a tiszt\u00edt\u00f3 sampon cs\u00f6kkentheti a fest\u00e9k pigmentj\u00e9t, ami nem k\u00edv\u00e1natos, de a stylist n\u00e9ha felhaszn\u00e1lhatja ezt a tulajdons\u00e1got, ha cs\u00f6kkenteni k\u00edv\u00e1nja az \u00e1rnyalatot.<\/p>\n<h4>\u00f3vint\u00e9zked\u00e9sek:<\/h4>\n<p>A gyermekekt\u0151l elz\u00e1rva tartand\u00f3. Nem fogyasztj\u00e1k. V\u00e9letlen szembe ker\u00fcl\u00e9s eset\u00e9n \u00f6bl\u00edtse le b\u0151 v\u00edzzel. Irrit\u00e1ci\u00f3 eset\u00e9n abba kell hagyni a felhaszn\u00e1l\u00e1st \u00e9s orvoshoz kell fordulni. V\u00e9dje f\u00e9nyt\u0151l \u00e9s h\u0151t\u0151l. Csak k\u00fcls\u0151 haszn\u00e1latra.<\/p>\n<p style=\"text-align: left;\">* Figyelem: A hajkezel\u00e9s eredm\u00e9ny\u00e9nek min\u0151s\u00e9ge \u00e9s a hat\u00e1s id\u0151tartama att\u00f3l f\u00fcgg, hogy helyesen alkalmazz\u00e1k-e a hajlemezzel t\u00f6rt\u00e9n\u0151 lez\u00e1r\u00e1st, figyelemmel k\u00eds\u00e9rve a kezel\u00e9s elv\u00e9gz\u00e9s\u00e9nek l\u00e9p\u00e9seit \u00e9s a karbantart\u00e1st a Honma Tokyo speci\u00e1lis haj\u00e1pol\u00e1si term\u00e9keivel, amelyeket a meghosszabb\u00edtani a kezel\u00e9s hat\u00e1s\u00e1t.<\/p>\n<h4><\/h4>\n","protected":false},"excerpt":{"rendered":"<p style=\"text-align: left;\">B.tox H-Brush kezel\u00e9s a haj regener\u00e1l\u00e1s\u00e1hoz, hidrat\u00e1l\u00e1s\u00e1hoz \u00e9s sim\u00edt\u00e1s\u00e1hoz. Por\u00f3zus, romlott, s\u00e9r\u00fclt, t\u00f6r\u00e9keny hajra aj\u00e1nlott, has\u00edtott sz\u00e1lral. Intenz\u00edven hidrat\u00e1l \u00e9s ragyog. Hat\u00e1lyos ak\u00e1r 3 h\u00f3napig *. Sz\u0151ke, szat\u00e9n, csokol\u00e1d\u00e9, fekete \u00e1rnyalatokhoz t\u00f6rt\u00e9n\u0151 alkalmaz\u00e1sra aj\u00e1nlott. Lila pigmentet tartalmaz, amely lev\u00e1gja a s\u00e1rg\u00e1t\u00f3l, ez\u00e9rt k\u00fcl\u00f6n\u00f6sen alkalmas sz\u0151ke sz\u0151ke hajra.<\/p>\n <a class=\"read-more\" href=\"https:\/\/honmatokyo.ro\/hu\/termek\/b_tox-hajkezeles-h-brush-hair-b_tox-a-haj-regeneralodasahoz\/\">Read more<\/a>","protected":false},"featured_media":6984,"comment_status":"open","ping_status":"closed","template":"","meta":{"_monsterinsights_skip_tracking":false,"_monsterinsights_sitenote_active":false,"_monsterinsights_sitenote_note":"","_monsterinsights_sitenote_category":0},"product_brand":[],"product_cat":[256],"product_tag":[],"class_list":{"0":"post-4211","1":"product","2":"type-product","3":"status-publish","4":"has-post-thumbnail","6":"product_cat-brazil-keratin-es-b-tox-hajra","8":"first","9":"instock","10":"sale","11":"taxable","12":"shipping-taxable","13":"purchasable","14":"product-type-variable"},"_links":{"self":[{"href":"https:\/\/honmatokyo.ro\/hu\/wp-json\/wp\/v2\/product\/4211","targetHints":{"allow":["GET"]}}],"collection":[{"href":"https:\/\/honmatokyo.ro\/hu\/wp-json\/wp\/v2\/product"}],"about":[{"href":"https:\/\/honmatokyo.ro\/hu\/wp-json\/wp\/v2\/types\/product"}],"replies":[{"embeddable":true,"href":"https:\/\/honmatokyo.ro\/hu\/wp-json\/wp\/v2\/comments?post=4211"}],"wp:featuredmedia":[{"embeddable":true,"href":"https:\/\/honmatokyo.ro\/hu\/wp-json\/wp\/v2\/media\/6984"}],"wp:attachment":[{"href":"https:\/\/honmatokyo.ro\/hu\/wp-json\/wp\/v2\/media?parent=4211"}],"wp:term":[{"taxonomy":"product_brand","embeddable":true,"href":"https:\/\/honmatokyo.ro\/hu\/wp-json\/wp\/v2\/product_brand?post=4211"},{"taxonomy":"product_cat","embeddable":true,"href":"https:\/\/honmatokyo.ro\/hu\/wp-json\/wp\/v2\/product_cat?post=4211"},{"taxonomy":"product_tag","embeddable":true,"href":"https:\/\/honmatokyo.ro\/hu\/wp-json\/wp\/v2\/product_tag?post=4211"}],"curies":[{"name":"wp","href":"https:\/\/api.w.org\/{rel}","templated":true}]}}