{"id":4284,"date":"2019-02-22T17:52:10","date_gmt":"2019-02-22T15:52:10","guid":{"rendered":"https:\/\/honmatokyo.ro\/product\/honma-pro-integrale-dd-hajkrem-300ml-benne-hagyhato-befejezo-keratin-vagy-hajbotox-kezeles\/"},"modified":"2021-03-24T10:26:47","modified_gmt":"2021-03-24T08:26:47","slug":"honma-pro-integrale-dd-hajkrem-300ml-benne-hagyhato-befejezo-keratin-vagy-hajbotox-kezeles","status":"publish","type":"product","link":"https:\/\/honmatokyo.ro\/hu\/termek\/honma-pro-integrale-dd-hajkrem-300ml-benne-hagyhato-befejezo-keratin-vagy-hajbotox-kezeles\/","title":{"rendered":"Honma Pro Integrale DD hajkr\u00e9m 300ml benne hagyhat\u00f3  befejez\u0151 keratin- vagy hajbotox kezel\u00e9s"},"content":{"rendered":"<h4>A keratinkezel\u00e9s befejez\u00e9sekor a Honma Pro Integrale DD hajkr\u00e9m 10 leny\u0171g\u00f6z\u0151 el\u0151nnyel rendelkezik minden t\u00edpus\u00fa hajra:<\/h4>\n<ul>\n<li>\u00e9l\u00e9nk\u00edt\u0151<\/li>\n<li>hidrat\u00e1ci\u00f3<\/li>\n<li>t\u00e1pl\u00e1l\u00e1s<\/li>\n<li>H\u0151v\u00e9delem<\/li>\n<li>f\u00e9nyv\u00e9d\u0151\u00a0UVA\/UVB<\/li>\n<li>Anti-frizz<\/li>\n<li>Intenz\u00edv f\u00e9nyer\u0151<\/li>\n<li>Jav\u00edtja a sz\u00ednt<\/li>\n<li>Selyem haj<\/li>\n<li>M\u00e9lyen regener\u00e1l\u00f3dik<\/li>\n<li>k\u00f6nny\u0171 f\u00e9s\u00fcl\u00e9s<\/li>\n<\/ul>\n<p>A term\u00e9ket ide\u00e1lisan k\u00e9sz\u00edtik el\u0151 a v\u00e9gs\u0151 kezel\u00e9sre \u00e9s regener\u00e1l\u00e1sra: H-kefe haj B.tox, Bixyplastia Precious Blend, Bixyplastia Passion Fruit, z\u00f6ld k\u00e1v\u00e9, BIO k\u00f3kuszdi\u00f3-kollag\u00e9n vagy Premium Premium Liss. Gondoskod\u00e1s c\u00e9lj\u00e1b\u00f3l a szolg\u00e1ltat\u00e1st \u00fagy lehet elv\u00e9gezni, hogy a szalonban szerepeljen egy kezdeti hat\u00e1r\u00e9rt\u00e9k, amelyr\u0151l maxim\u00e1lis hat\u00e1s\u00fa szolg\u00e1ltat\u00e1s eset\u00e9n gondoskodni lehet.<\/p>\n<p style=\"text-align: left;\">A Keratinnal vagy a Hair B.tox-tal t\u00f6rt\u00e9n\u0151 kezel\u00e9s befejez\u00e9se ut\u00e1n v\u00e1rjon 20-30 percet, am\u00edg a haj leh\u0171l, vagy seg\u00edt a hideg leveg\u0151s sampon gyorsabb leh\u0171l\u00e9s\u00e9ben, majd \u00f6bl\u00edtse le v\u00edzzel \u00e9s maszkkal, t\u00e1vol\u00edtsa el a f\u00f6l\u00f6sleges vizet. egy t\u00f6r\u00fclk\u00f6z\u0151vel. A v\u00e9g\u00e9n alkalmazza a DD hajkr\u00e9met nedves hajra, \u00e9s az eg\u00e9sz fel\u00fcletet eloszlatja. A term\u00e9k a hajban marad, nem \u00f6bl\u00edti le. Az alkalmaz\u00e1s ut\u00e1n sz\u00e1r\u00edtsa meg a hajat a samponnal \u00e9s a f\u00e9s\u0171vel.<\/p>\n<h4><\/h4>\n","protected":false},"excerpt":{"rendered":"<p>Honma Pro Integrale DD Hair Cream\u00a0egy multifunkcion\u00e1lis kr\u00e9m, amelyet a keratin, a haj b.tox vagy m\u00e1s professzion\u00e1lis kezel\u00e9sek kieg\u00e9sz\u00edt\u00e9s\u00e9re haszn\u00e1lnak, \u00e9s a legfontosabb megjegyz\u00e9s ezeknek a kezel\u00e9seknek, \u00edgy a haj \u00e9lvezheti a k\u00edv\u00e1nt maxim\u00e1lis hat\u00e1st \u00e9s megjelen\u00e9st. Ez egy be nem hagyott term\u00e9k, \u00e9s a haj ut\u00e1ni hajkiegyenes\u00edt\u00e9sre nincs sz\u00fcks\u00e9g.<\/p>\n <a class=\"read-more\" href=\"https:\/\/honmatokyo.ro\/hu\/termek\/honma-pro-integrale-dd-hajkrem-300ml-benne-hagyhato-befejezo-keratin-vagy-hajbotox-kezeles\/\">Read more<\/a>","protected":false},"featured_media":6622,"comment_status":"open","ping_status":"closed","template":"","meta":{"_monsterinsights_skip_tracking":false,"_monsterinsights_sitenote_active":false,"_monsterinsights_sitenote_note":"","_monsterinsights_sitenote_category":0},"product_brand":[],"product_cat":[256],"product_tag":[],"class_list":{"0":"post-4284","1":"product","2":"type-product","3":"status-publish","4":"has-post-thumbnail","6":"product_cat-brazil-keratin-es-b-tox-hajra","8":"first","9":"instock","10":"taxable","11":"shipping-taxable","12":"purchasable","13":"product-type-simple"},"_links":{"self":[{"href":"https:\/\/honmatokyo.ro\/hu\/wp-json\/wp\/v2\/product\/4284","targetHints":{"allow":["GET"]}}],"collection":[{"href":"https:\/\/honmatokyo.ro\/hu\/wp-json\/wp\/v2\/product"}],"about":[{"href":"https:\/\/honmatokyo.ro\/hu\/wp-json\/wp\/v2\/types\/product"}],"replies":[{"embeddable":true,"href":"https:\/\/honmatokyo.ro\/hu\/wp-json\/wp\/v2\/comments?post=4284"}],"wp:featuredmedia":[{"embeddable":true,"href":"https:\/\/honmatokyo.ro\/hu\/wp-json\/wp\/v2\/media\/6622"}],"wp:attachment":[{"href":"https:\/\/honmatokyo.ro\/hu\/wp-json\/wp\/v2\/media?parent=4284"}],"wp:term":[{"taxonomy":"product_brand","embeddable":true,"href":"https:\/\/honmatokyo.ro\/hu\/wp-json\/wp\/v2\/product_brand?post=4284"},{"taxonomy":"product_cat","embeddable":true,"href":"https:\/\/honmatokyo.ro\/hu\/wp-json\/wp\/v2\/product_cat?post=4284"},{"taxonomy":"product_tag","embeddable":true,"href":"https:\/\/honmatokyo.ro\/hu\/wp-json\/wp\/v2\/product_tag?post=4284"}],"curies":[{"name":"wp","href":"https:\/\/api.w.org\/{rel}","templated":true}]}}