{"id":4286,"date":"2019-05-29T14:47:12","date_gmt":"2019-05-29T11:47:12","guid":{"rendered":"https:\/\/honmatokyo.ro\/product\/honma-pro-liss-effect-300ml-komplett-kezeles-hidratacio-es-a-tokeletes-kutikula-tomites\/"},"modified":"2021-03-09T15:53:35","modified_gmt":"2021-03-09T13:53:35","slug":"honma-pro-liss-effect-300ml-komplett-kezeles-hidratacio-es-a-tokeletes-kutikula-tomites","status":"publish","type":"product","link":"https:\/\/honmatokyo.ro\/hu\/termek\/honma-pro-liss-effect-300ml-komplett-kezeles-hidratacio-es-a-tokeletes-kutikula-tomites\/","title":{"rendered":"Honma Pro &#8211; Liss Effect 300ml &#8211; Komplett kezel\u00e9s, hidrat\u00e1ci\u00f3 \u00e9s a t\u00f6k\u00e9letes kutikula t\u00f6m\u00edt\u00e9s"},"content":{"rendered":"<h5>Honma Pro-Liss Spray Finalizator 300 ml<\/h5>\n<p>A Honma Pro &#8211; Liss fest\u00e9k ut\u00e1n vagy k\u00fcl\u00f6nf\u00e9le kezel\u00e9sek ut\u00e1n fest\u00e9kk\u00e9nt vagy k\u00fcl\u00f6nf\u00e9le kezel\u00e9sek ut\u00e1n ker\u00fcl felhaszn\u00e1l\u00e1sra, amelyek hossz\u00fa ideig tart\u00f3 sim\u00edt\u00f3 hat\u00e1ssal b\u00edrnak, m\u00e9g sok mos\u00e1s ut\u00e1n. Innovat\u00edv formul\u00e1t tartalmaz, amely termikus v\u00e9delmet ny\u00fajt a hajnak, olyan bio-sz\u00e9rum-kompoz\u00edci\u00f3val rendelkezik, amely helyrehozza a megosztott v\u00e9geket, szab\u00e1lyozza a fr\u00edzz\u0151d\u00e9st, a haj l\u00e1gyak, f\u00e9nyesek \u00e9s k\u00f6nnyen f\u00e9s\u00fclhet\u0151k.<\/p>\n<p>A v\u00e9gleges\u00edt\u0151 spray ide\u00e1lis term\u00e9k az egyenes\u00edt\u0151 \u00e9s regener\u00e1l\u00f3 kezel\u00e9sek elv\u00e9gz\u00e9s\u00e9hez: H-Brush Hair B.tox, Bixyplastia Precious Blend, Bixyplastia Passion Fruit, Coffee Green, BIO Coconut Collagen vagy Coffee Premium All Liss.<\/p>\n<h5><strong>A spray-v\u00e9gk\u00e9sz\u00edt\u0151 haszn\u00e1lat\u00e1nak el\u0151nyei:<\/strong><\/h5>\n<ol>\n<li>\u00e9l\u00e9nk\u00edt\u0151<\/li>\n<li>T\u00e1pl\u00e1l\u00e1s \u00e9s hidrat\u00e1l\u00e1s<\/li>\n<li>f\u00e9nyv\u00e9d\u0151\u00a0UVA\/UVB<\/li>\n<li>Anti frizz<\/li>\n<li>Intenz\u00edv f\u00e9nyer\u0151<\/li>\n<li>Jav\u00edtja a sz\u00ednt<\/li>\n<li>hidrat\u00e1ci\u00f3<\/li>\n<li>A bels\u0151 menetet \u00e1talak\u00edtja<\/li>\n<li>A haj gyorsabban sz\u00e1rad<\/li>\n<li>A haj l\u00e1gy \u00e9s k\u00f6nnyen f\u00e9s\u00fclhet\u0151<\/li>\n<\/ol>\n","protected":false},"excerpt":{"rendered":"<p>A Honma Pro &#8211; Liss fest\u00e9kfest\u00e9kk\u00e9nt vagy k\u00fcl\u00f6nf\u00e9le kezel\u00e9sek ut\u00e1n fest\u00e9kk\u00e9nt vagy k\u00fcl\u00f6nf\u00e9le kezel\u00e9sek ut\u00e1n ker\u00fcl alkalmaz\u00e1sra, amelyek hosszabb\u00edt\u00f3 sim\u00edt\u00f3hat\u00e1st mutatnak m\u00e9g sok mos\u00e1s ut\u00e1n.<\/p>\n <a class=\"read-more\" href=\"https:\/\/honmatokyo.ro\/hu\/termek\/honma-pro-liss-effect-300ml-komplett-kezeles-hidratacio-es-a-tokeletes-kutikula-tomites\/\">Read more<\/a>","protected":false},"featured_media":6621,"comment_status":"open","ping_status":"closed","template":"","meta":{"_monsterinsights_skip_tracking":false,"_monsterinsights_sitenote_active":false,"_monsterinsights_sitenote_note":"","_monsterinsights_sitenote_category":0},"product_brand":[],"product_cat":[256],"product_tag":[],"class_list":{"0":"post-4286","1":"product","2":"type-product","3":"status-publish","4":"has-post-thumbnail","6":"product_cat-brazil-keratin-es-b-tox-hajra","8":"first","9":"instock","10":"sale","11":"taxable","12":"shipping-taxable","13":"purchasable","14":"product-type-simple"},"_links":{"self":[{"href":"https:\/\/honmatokyo.ro\/hu\/wp-json\/wp\/v2\/product\/4286","targetHints":{"allow":["GET"]}}],"collection":[{"href":"https:\/\/honmatokyo.ro\/hu\/wp-json\/wp\/v2\/product"}],"about":[{"href":"https:\/\/honmatokyo.ro\/hu\/wp-json\/wp\/v2\/types\/product"}],"replies":[{"embeddable":true,"href":"https:\/\/honmatokyo.ro\/hu\/wp-json\/wp\/v2\/comments?post=4286"}],"wp:featuredmedia":[{"embeddable":true,"href":"https:\/\/honmatokyo.ro\/hu\/wp-json\/wp\/v2\/media\/6621"}],"wp:attachment":[{"href":"https:\/\/honmatokyo.ro\/hu\/wp-json\/wp\/v2\/media?parent=4286"}],"wp:term":[{"taxonomy":"product_brand","embeddable":true,"href":"https:\/\/honmatokyo.ro\/hu\/wp-json\/wp\/v2\/product_brand?post=4286"},{"taxonomy":"product_cat","embeddable":true,"href":"https:\/\/honmatokyo.ro\/hu\/wp-json\/wp\/v2\/product_cat?post=4286"},{"taxonomy":"product_tag","embeddable":true,"href":"https:\/\/honmatokyo.ro\/hu\/wp-json\/wp\/v2\/product_tag?post=4286"}],"curies":[{"name":"wp","href":"https:\/\/api.w.org\/{rel}","templated":true}]}}