{"id":4312,"date":"2017-01-04T10:22:23","date_gmt":"2017-01-04T08:22:23","guid":{"rendered":"https:\/\/honmatokyo.ro\/product\/sampon-es-hidratalo-balzsam-coffee-care-light-300ml\/"},"modified":"2025-03-20T16:20:54","modified_gmt":"2025-03-20T14:20:54","slug":"sampon-es-hidratalo-balzsam-coffee-care-light-300ml","status":"publish","type":"product","link":"https:\/\/honmatokyo.ro\/hu\/termek\/sampon-es-hidratalo-balzsam-coffee-care-light-300ml\/","title":{"rendered":"Sampon \u00e9s Hidrat\u00e1l\u00f3 Balzsam &#8211; Coffee Care Light 300ml"},"content":{"rendered":"<h4>Hidrat\u00e1l\u00f3 sampon \u00e9s kondicion\u00e1l\u00f3 szett &#8211; Coffee Care Light 300ml<\/h4>\n<p><strong>Sampon Coffee Care Light 300ml\u00a0\u00a0<\/strong>alkalmas a Honma Tokyo Professional \u00e1ltal k\u00edn\u00e1lt keratin vagy B.tox kezel\u00e9sek fenntart\u00e1s\u00e1ra vagy. A sampont kisz\u00e1radt, sz\u00e1raz, l\u00e1zad\u00f3, fegyelmetlen hajra sz\u00e1nj\u00e1k. Olyan \u00f6sszetev\u0151ket tartalmaz, amelyek finoman tiszt\u00edtj\u00e1k \u00e9s hidrat\u00e1lj\u00e1k a fonalat. A Pracaxi olaj \u00e9s a glikolos k\u00e1v\u00e9 kivonat seg\u00edt meg\u0151rizni a haj term\u00e9szetes nedvess\u00e9gtartalm\u00e1t, er\u0151s\u00edti a sz\u00e1lakat \u00e9s intenz\u00edv f\u00e9nye r\u00e9v\u00e9n selymes hajv\u00e1 teszi.<\/p>\n<p><strong>Blszam Coffee Care Light 300ml\u00a0<\/strong>alkalmas a Honma Tokyo Professional \u00e1ltal k\u00edn\u00e1lt keratin vagy b.tox kezel\u00e9sek fenntart\u00e1s\u00e1ra. Ide\u00e1lis a kisz\u00e1radt \u00e9s l\u00e1zad\u00f3 hajhoz. Akt\u00edv komponensek &#8211; arganolaj A k\u00e1v\u00e9 glikolkivonata azonnali hidrat\u00e1l\u00e1st \u00e9s regener\u00e1l\u00f3d\u00e1st biztos\u00edt feh\u00e9rjefonalakkal, hogy megakad\u00e1lyozz\u00e1k a hegyek hasad\u00e1s\u00e1t. A maszk intenz\u00edv f\u00e9nyt ad a hajnak \u00e9s megk\u00f6nny\u00edti a f\u00e9s\u00fcl\u00e9st.<\/p>\n<p>Ezeknek a professzion\u00e1lis haj\u00e1pol\u00e1si term\u00e9keknek a felhaszn\u00e1l\u00e1sa azonnali haszonnal j\u00e1r, m\u00e9g akkor is, ha nem kezeltek brazil keratinnal vagy b.tox hajjal. Ez\u00e9rt melegen aj\u00e1nljuk a Honma Tokyo \u00e1pol\u00e1si term\u00e9keket minden h\u00f6lgynek \u00e9s l\u00e1nynak.<\/p>\n<h5>Hogyan kell haszn\u00e1lni:<\/h5>\n<p>Vigyen elegend\u0151 mennyis\u00e9g\u0171 sampont a nedves hajra, \u00f3vatosan massz\u00edrozza meg a fej b\u0151r\u00e9t, majd ossza meg a haj teljes hossz\u00e1ban. \u00d6bl\u00edtse le meleg v\u00edzzel, \u00e9s sz\u00fcks\u00e9g eset\u00e9n ism\u00e9telje meg. Napi haszn\u00e1latra alkalmas. A haj mos\u00e1sa \u00e9s \u00f6bl\u00edt\u00e9se ut\u00e1n kis mennyis\u00e9g\u0171 maszkot alkalmazunk a haj teljes hossz\u00e1ban, elker\u00fclve a fej b\u0151r\u00e9t. 5-10 perc m\u00falva alaposan \u00f6bl\u00edtse le meleg v\u00edzzel. Hetente t\u00f6bbsz\u00f6r is haszn\u00e1lhat\u00f3. Mennyis\u00e9g 300 ml.<\/p>\n<p><strong>\u00a0\u00a0\u00a0\u00a0\u00a0<\/strong><\/p>\n<p>&nbsp;<\/p>\n<p>&nbsp;<\/p>\n<p>&nbsp;<\/p>\n","protected":false},"excerpt":{"rendered":"<h4>K\u00f6nny\u0171 hidrat\u00e1l\u00f3 sampon \u00e9s balzsam k\u00e1v\u00e9f\u0151z\u0151:<\/h4>\n<ul>\n<li>SAMPON COFFEE CARE LIGHT 300ML<\/li>\n<li>BALZSAM\u00a0COFFEE CARE LIGHT 300ML<\/li>\n<\/ul>\n<p>Alkalmas kisz\u00e1radt \u00e9s l\u00e1zad\u00f3 haj \u00e1pol\u00e1s\u00e1ra. A k\u00e1v\u00e9- \u00e9s m\u00e9zkivonat intenz\u00edven hidrat\u00e1lja a hajat, n\u00f6veli a rugalmass\u00e1got \u00e9s intenz\u00edv f\u00e9nyt ad.<\/p>\n <a class=\"read-more\" href=\"https:\/\/honmatokyo.ro\/hu\/termek\/sampon-es-hidratalo-balzsam-coffee-care-light-300ml\/\">Read more<\/a>","protected":false},"featured_media":6951,"comment_status":"open","ping_status":"closed","template":"","meta":{"_monsterinsights_skip_tracking":false,"_monsterinsights_sitenote_active":false,"_monsterinsights_sitenote_note":"","_monsterinsights_sitenote_category":0},"product_brand":[],"product_cat":[257],"product_tag":[],"class_list":{"0":"post-4312","1":"product","2":"type-product","3":"status-publish","4":"has-post-thumbnail","6":"product_cat-sampon-balzsam-es-hajapolo-maszk-keratin-kezeles-utan","8":"first","9":"instock","10":"sale","11":"taxable","12":"shipping-taxable","13":"purchasable","14":"product-type-variable"},"_links":{"self":[{"href":"https:\/\/honmatokyo.ro\/hu\/wp-json\/wp\/v2\/product\/4312","targetHints":{"allow":["GET"]}}],"collection":[{"href":"https:\/\/honmatokyo.ro\/hu\/wp-json\/wp\/v2\/product"}],"about":[{"href":"https:\/\/honmatokyo.ro\/hu\/wp-json\/wp\/v2\/types\/product"}],"replies":[{"embeddable":true,"href":"https:\/\/honmatokyo.ro\/hu\/wp-json\/wp\/v2\/comments?post=4312"}],"wp:featuredmedia":[{"embeddable":true,"href":"https:\/\/honmatokyo.ro\/hu\/wp-json\/wp\/v2\/media\/6951"}],"wp:attachment":[{"href":"https:\/\/honmatokyo.ro\/hu\/wp-json\/wp\/v2\/media?parent=4312"}],"wp:term":[{"taxonomy":"product_brand","embeddable":true,"href":"https:\/\/honmatokyo.ro\/hu\/wp-json\/wp\/v2\/product_brand?post=4312"},{"taxonomy":"product_cat","embeddable":true,"href":"https:\/\/honmatokyo.ro\/hu\/wp-json\/wp\/v2\/product_cat?post=4312"},{"taxonomy":"product_tag","embeddable":true,"href":"https:\/\/honmatokyo.ro\/hu\/wp-json\/wp\/v2\/product_tag?post=4312"}],"curies":[{"name":"wp","href":"https:\/\/api.w.org\/{rel}","templated":true}]}}