{"id":4317,"date":"2018-07-07T20:50:17","date_gmt":"2018-07-07T17:50:17","guid":{"rendered":"https:\/\/honmatokyo.ro\/product\/sampon-es-maszk-balszam-keratinnal-h-teace-300ml\/"},"modified":"2026-01-05T13:45:00","modified_gmt":"2026-01-05T11:45:00","slug":"sampon-es-maszk-balszam-keratinnal-h-teace-300ml","status":"publish","type":"product","link":"https:\/\/honmatokyo.ro\/hu\/termek\/sampon-es-maszk-balszam-keratinnal-h-teace-300ml\/","title":{"rendered":"Sampon \u00e9s Maszk-balszam keratinnal &#8211; H-Teace 300ml"},"content":{"rendered":"<p>A keratin sampon \u00e9s maszk alkalmas a Honma Tokyo Professional \u00e1ltal k\u00edn\u00e1lt keratin \u00e9s B.tox kezel\u00e9sek fenntart\u00e1s\u00e1ra vagy napi haszn\u00e1latra. A keratin sampont kisz\u00e1radt, por\u00f3zus, nem f\u00e9nyes, l\u00e1zad\u00f3, festett \u00e9s fegyelmetlen hajra, vagy tart\u00f3san alkalmazz\u00e1k.<\/p>\n<p>A keratinnal ell\u00e1tott maszk intenz\u00edven hidrat\u00e1lja, megv\u00e9di a fonalat a negat\u00edv k\u00fcls\u0151 t\u00e9nyez\u0151kt\u0151l \u00e9s biztos\u00edtja a l\u00e1gys\u00e1got az \u00f6sszet\u00e9telben l\u00e9v\u0151 magazmaiia, f\u00f6ldimogyor\u00f3 \u00e9s keratin olaj\u00e1nak k\u00f6sz\u00f6nhet\u0151en. A maszk intenz\u00edv f\u00e9nyt ad a hajnak \u00e9s megk\u00f6nny\u00edti a f\u00e9s\u00fcl\u00e9st.<\/p>\n<h4>Hogyan kell haszn\u00e1lni:<\/h4>\n<p>Vigyen elegend\u0151 mennyis\u00e9g\u0171 sampont a nedves hajra, \u00f3vatosan massz\u00edrozza meg a fej b\u0151r\u00e9t, majd ossza meg a haj teljes hossz\u00e1ban. \u00d6bl\u00edtse le meleg v\u00edzzel, \u00e9s sz\u00fcks\u00e9g eset\u00e9n ism\u00e9telje meg. Napi haszn\u00e1latra alkalmas. A haj mos\u00e1sa \u00e9s \u00f6bl\u00edt\u00e9se ut\u00e1n kis mennyis\u00e9g\u0171 maszkot alkalmazunk a haj teljes hossz\u00e1ban, elker\u00fclve a fej b\u0151r\u00e9t. 5-10 perc m\u00falva alaposan \u00f6bl\u00edtse le meleg v\u00edzzel. Hetente t\u00f6bbsz\u00f6r is haszn\u00e1lhat\u00f3. Mennyis\u00e9g 300 ml.<\/p>\n","protected":false},"excerpt":{"rendered":"<h4>H-Teace hidrat\u00e1l\u00f3 sampon \u00e9s maszk:<\/h4>\n<ul>\n<li>SAMPON H-TEACE 300ML<\/li>\n<li>MASZK\u00a0H-TEACE 300ML<\/li>\n<\/ul>\n<p>A H-Teace \u00e1pol\u00f3k\u00e9szlet extra adagot keratint tartalmaz, \u00e9s seg\u00edti a s\u00e9r\u00fclt haj k\u00e9miai kezel\u00e9sen \u00e1tesett regener\u00e1l\u00e1s\u00e1t \u00e9s hidrat\u00e1l\u00e1s\u00e1t. Seg\u00edt a feh\u00e9r\u00edtett, festett vagy tart\u00f3san festett haj \u00fajj\u00e1\u00e9leszt\u00e9s\u00e9ben.<\/p>\n <a class=\"read-more\" href=\"https:\/\/honmatokyo.ro\/hu\/termek\/sampon-es-maszk-balszam-keratinnal-h-teace-300ml\/\">Read more<\/a>","protected":false},"featured_media":7023,"comment_status":"open","ping_status":"closed","template":"","meta":{"_monsterinsights_skip_tracking":false,"_monsterinsights_sitenote_active":false,"_monsterinsights_sitenote_note":"","_monsterinsights_sitenote_category":0},"product_brand":[],"product_cat":[257],"product_tag":[],"class_list":{"0":"post-4317","1":"product","2":"type-product","3":"status-publish","4":"has-post-thumbnail","6":"product_cat-sampon-balzsam-es-hajapolo-maszk-keratin-kezeles-utan","8":"first","9":"instock","10":"sale","11":"taxable","12":"shipping-taxable","13":"purchasable","14":"product-type-variable"},"_links":{"self":[{"href":"https:\/\/honmatokyo.ro\/hu\/wp-json\/wp\/v2\/product\/4317","targetHints":{"allow":["GET"]}}],"collection":[{"href":"https:\/\/honmatokyo.ro\/hu\/wp-json\/wp\/v2\/product"}],"about":[{"href":"https:\/\/honmatokyo.ro\/hu\/wp-json\/wp\/v2\/types\/product"}],"replies":[{"embeddable":true,"href":"https:\/\/honmatokyo.ro\/hu\/wp-json\/wp\/v2\/comments?post=4317"}],"wp:featuredmedia":[{"embeddable":true,"href":"https:\/\/honmatokyo.ro\/hu\/wp-json\/wp\/v2\/media\/7023"}],"wp:attachment":[{"href":"https:\/\/honmatokyo.ro\/hu\/wp-json\/wp\/v2\/media?parent=4317"}],"wp:term":[{"taxonomy":"product_brand","embeddable":true,"href":"https:\/\/honmatokyo.ro\/hu\/wp-json\/wp\/v2\/product_brand?post=4317"},{"taxonomy":"product_cat","embeddable":true,"href":"https:\/\/honmatokyo.ro\/hu\/wp-json\/wp\/v2\/product_cat?post=4317"},{"taxonomy":"product_tag","embeddable":true,"href":"https:\/\/honmatokyo.ro\/hu\/wp-json\/wp\/v2\/product_tag?post=4317"}],"curies":[{"name":"wp","href":"https:\/\/api.w.org\/{rel}","templated":true}]}}