{"id":4322,"date":"2017-01-04T10:21:03","date_gmt":"2017-01-04T08:21:03","guid":{"rendered":"https:\/\/honmatokyo.ro\/product\/sampon-es-taplalkozasi-maszk-argan-perfect-care-300ml\/"},"modified":"2021-03-25T13:30:39","modified_gmt":"2021-03-25T11:30:39","slug":"sampon-es-taplalkozasi-maszk-argan-perfect-care-300ml","status":"publish","type":"product","link":"https:\/\/honmatokyo.ro\/hu\/termek\/sampon-es-taplalkozasi-maszk-argan-perfect-care-300ml\/","title":{"rendered":"Sampon \u00e9s t\u00e1pl\u00e1lkoz\u00e1si Maszk &#8211; Argan Perfect Care 300ml"},"content":{"rendered":"<h4>\u00c1ll\u00edtsa be a sampont \u00e9s a maszkot argan olajjal \u00e9s keratinnal minden hajt\u00edpushoz<\/h4>\n<p>S\u00f3mentes Professional sampon &#8211; T\u00f6k\u00e9letes gondoz\u00e1s\u00fa, t\u00e1pl\u00e1l\u00f3 argan sampon, amelyet kifejezetten a keratin vagy b.tox ut\u00f3kezel\u00e9shez fejlesztettek ki, amelyet a Honma Tokyo Professional k\u00edn\u00e1l. Amellett, hogy hat\u00e9konyan elt\u00e1vol\u00edtja a szennyez\u0151d\u00e9seket a hajb\u00f3l, ez a sampon magas szint\u0171 t\u00e1pl\u00e1lkoz\u00e1st \u00e9s \u00fajj\u00e1\u00e9leszt\u00e9st k\u00edn\u00e1l. A sz\u00e1l hossza ment\u00e9n, valamint a gy\u00f6k\u00e9rn\u00e9l hatva vissza\u00e1ll\u00edtja a rugalmass\u00e1got, ellen\u00e1ll\u00e1st biztos\u00edt, hidrat\u00e1l \u00e9s megakad\u00e1lyozza a hegyek hasad\u00e1s\u00e1t. Mindez annak az \u00f6sszet\u00e9telnek k\u00f6sz\u00f6nhet\u0151, amely tartalmaz arganolajat, aloe verat, E-vitamint \u00e9s keratin-aminosavakat. A sampon nem tartalmaz parab\u00e9neket \u00e9s n\u00e1trium-klor\u00e1tot, pH-ja 4-4,5 &#8211; semleges a hajra \u00e9s alkalmas mindennapi haszn\u00e1latra.<\/p>\n<p>Professzion\u00e1lis maszk &#8211; T\u00f6k\u00e9letes \u00e1pol\u00f3 t\u00e1pl\u00e1l\u00f3 argan maszk, amelyet kifejezetten a Honma Tokyo Professional \u00e1ltal k\u00edn\u00e1lt keratin- vagy B.tox-kezel\u00e9sek fenntart\u00e1s\u00e1ra fejlesztettek ki. Az egyes sz\u00e1lakat intenz\u00edven t\u00e1pl\u00e1lja, vissza\u00e1ll\u00edtja f\u00e9ny\u00e9t \u00e9s rugalmass\u00e1g\u00e1t. Az argan \u00e9s az aloe vera olaj hidrat\u00e1lja \u00e9s er\u0151s\u00edti a sz\u00e1lakat, megakad\u00e1lyozza a fejek hasad\u00e1s\u00e1t, nem hagyja a hajot neh\u00e9z, megterhelt vagy olajos megjelen\u00e9ssel. Az E-vitaminban gazdag, er\u0151s antioxid\u00e1ns funkci\u00f3val rendelkezik, \u00e9s kiv\u00e1l\u00f3an k\u00e9pes ellen\u0151rizni a haj r\u00e1ncol\u00e1s\u00e1t. A keratin aminosavak r\u00e9szt vesznek a hajszerkezet rekonstrukci\u00f3j\u00e1ban, helyre\u00e1ll\u00edtj\u00e1k a rugalmass\u00e1got \u00e9s \u00fajj\u00e1\u00e9lesztik a lebontott sz\u00e1lakat. Nem tartalmaz parab\u00e9neket, \u00e9s mindennapi haszn\u00e1latra alkalmas.<\/p>\n<p>HOGYAN KELL HASZN\u00c1LNI:<\/p>\n<p>Vigyen elegend\u0151 mennyis\u00e9g\u0171 Perfect Care t\u00e1pl\u00e1l\u00f3 argan sampont a nedves hajra, massz\u00edrozva a fej \u00e9s a haj b\u0151r\u00e9t. J\u00f3l \u00f6bl\u00edtse le \u00e9s sz\u00fcks\u00e9g eset\u00e9n ism\u00e9telje meg. A hajmos\u00e1s \u00e9s \u00f6bl\u00edt\u00e9s ut\u00e1n \u00f3vatosan vigye fel a Perfect Care t\u00e1pl\u00e1l\u00f3 argan maszkot a hajra, \u00f3vatosan massz\u00edrozza. Hagyja 5\u201310 percig hatni, majd alaposan \u00f6bl\u00edtse le.<\/p>\n","protected":false},"excerpt":{"rendered":"<ul>\n<li>Sampon t\u00e1pl\u00e1l\u00f3 Argan Home Care 300ml<\/li>\n<li>Maskz\u00a0t\u00e1pl\u00e1l\u00f3\u00a0 Argan Home Care 300g<\/li>\n<\/ul>\n<p>Minden hajt\u00edpus eset\u00e9ben intenz\u00edven t\u00e1pl\u00e1lja a hajat, helyre\u00e1ll\u00edtja az elvesz\u00edtett keratint a kutikulab\u00f3l, revitaliz\u00e1lja, f\u00e9nyess\u00e9get \u00e9s rugalmass\u00e1got ny\u00fajt. Nem tartalmaz s\u00f3t \u00e9s parab\u00e9neket. Keratin vagy b.tox hajkezel\u00e9sek ut\u00e1n haszn\u00e1lhat\u00f3.<\/p>\n <a class=\"read-more\" href=\"https:\/\/honmatokyo.ro\/hu\/termek\/sampon-es-taplalkozasi-maszk-argan-perfect-care-300ml\/\">Read more<\/a>","protected":false},"featured_media":11359,"comment_status":"open","ping_status":"closed","template":"","meta":{"_monsterinsights_skip_tracking":false,"_monsterinsights_sitenote_active":false,"_monsterinsights_sitenote_note":"","_monsterinsights_sitenote_category":0},"product_brand":[],"product_cat":[257],"product_tag":[],"class_list":{"0":"post-4322","1":"product","2":"type-product","3":"status-publish","4":"has-post-thumbnail","6":"product_cat-sampon-balzsam-es-hajapolo-maszk-keratin-kezeles-utan","8":"first","9":"instock","10":"sale","11":"taxable","12":"shipping-taxable","13":"purchasable","14":"product-type-variable"},"_links":{"self":[{"href":"https:\/\/honmatokyo.ro\/hu\/wp-json\/wp\/v2\/product\/4322","targetHints":{"allow":["GET"]}}],"collection":[{"href":"https:\/\/honmatokyo.ro\/hu\/wp-json\/wp\/v2\/product"}],"about":[{"href":"https:\/\/honmatokyo.ro\/hu\/wp-json\/wp\/v2\/types\/product"}],"replies":[{"embeddable":true,"href":"https:\/\/honmatokyo.ro\/hu\/wp-json\/wp\/v2\/comments?post=4322"}],"wp:featuredmedia":[{"embeddable":true,"href":"https:\/\/honmatokyo.ro\/hu\/wp-json\/wp\/v2\/media\/11359"}],"wp:attachment":[{"href":"https:\/\/honmatokyo.ro\/hu\/wp-json\/wp\/v2\/media?parent=4322"}],"wp:term":[{"taxonomy":"product_brand","embeddable":true,"href":"https:\/\/honmatokyo.ro\/hu\/wp-json\/wp\/v2\/product_brand?post=4322"},{"taxonomy":"product_cat","embeddable":true,"href":"https:\/\/honmatokyo.ro\/hu\/wp-json\/wp\/v2\/product_cat?post=4322"},{"taxonomy":"product_tag","embeddable":true,"href":"https:\/\/honmatokyo.ro\/hu\/wp-json\/wp\/v2\/product_tag?post=4322"}],"curies":[{"name":"wp","href":"https:\/\/api.w.org\/{rel}","templated":true}]}}