{"id":4327,"date":"2017-01-04T10:28:58","date_gmt":"2017-01-04T08:28:58","guid":{"rendered":"https:\/\/honmatokyo.ro\/product\/sampon-es-balszam-lila-pigmenttel-nutriblond-300ml\/"},"modified":"2021-08-04T10:07:39","modified_gmt":"2021-08-04T07:07:39","slug":"sampon-es-balszam-lila-pigmenttel-nutriblond-300ml","status":"publish","type":"product","link":"https:\/\/honmatokyo.ro\/hu\/termek\/sampon-es-balszam-lila-pigmenttel-nutriblond-300ml\/","title":{"rendered":"Sampon \u00e9s Balszam lila pigmenttel &#8211; Nutriblond 300ml"},"content":{"rendered":"<h4>NutriBlond 300ml t\u00e1pl\u00e1l\u00f3 sampon \u00e9s kondicion\u00e1l\u00f3 szett<\/h4>\n<p>A Nutriblond Care 300ml sampont kifejezetten a sz\u0151ke haj\u00e1pol\u00e1s ig\u00e9nyeihez tervezt\u00e9k. A Nutriblond term\u00e9kcsal\u00e1d term\u00e9szetes pigmenteket (lila vir\u00e1got) tartalmaz, amelyek c\u00e9lja a haj s\u00e1rga sz\u00edn\u00e9nek cs\u00f6kkent\u00e9se, \u00e9s akt\u00edv antioxid\u00e1nsokat, amelyek a hajnak k\u00fcl\u00f6nleges f\u00e9nyt adnak. A Nutriblond Care term\u00e9kcsal\u00e1d keratint, kollag\u00e9nt, viaszt \u00e9s m\u00e1s akt\u00edv \u00f6sszetev\u0151ket tartalmaz, amelyek vissza\u00e1ll\u00edtj\u00e1k a k\u00e9miai elj\u00e1r\u00e1sokkal elvesz\u00edtett mennyis\u00e9get, valamint a haj er\u0151ss\u00e9g\u00e9t, rugalmass\u00e1g\u00e1t \u00e9s kiegyens\u00falyozott pH-j\u00e1t biztos\u00edtj\u00e1k.<\/p>\n<p>A Nutriblond Care balzsam 300ml ide\u00e1lis a fonal hidrat\u00e1l\u00e1s\u00e1ra, l\u00e1gys\u00e1got, f\u00e9nyt, rugalmass\u00e1got biztos\u00edt, cs\u00f6kkenti a haj s\u00e1rga sz\u00edn\u00e9t, mik\u00f6zben a haj tiszta \u00e9s t\u00f3nusos.<\/p>\n<p>Hogyan kell haszn\u00e1lni:<\/p>\n<p>Vigyen elegend\u0151 mennyis\u00e9g\u0171 sampont a nedves hajra, \u00f3vatosan massz\u00edrozza meg a fej b\u0151r\u00e9t, majd ossza meg a haj teljes hossz\u00e1ban. \u00d6bl\u00edtse le meleg v\u00edzzel, \u00e9s sz\u00fcks\u00e9g eset\u00e9n ism\u00e9telje meg. Napi haszn\u00e1latra alkalmas. A haj mos\u00e1sa \u00e9s \u00f6bl\u00edt\u00e9se ut\u00e1n kis mennyis\u00e9g\u0171 maszkot alkalmazunk a haj teljes hossz\u00e1ban, elker\u00fclve a fej b\u0151r\u00e9t. 5-10 perc m\u00falva alaposan \u00f6bl\u00edtse le meleg v\u00edzzel. Hetente t\u00f6bbsz\u00f6r is haszn\u00e1lhat\u00f3. Mennyis\u00e9g 300 ml.<\/p>\n<p>&nbsp;<\/p>\n","protected":false},"excerpt":{"rendered":"<ul>\n<li>SAMPONsz\u00edn\u00e1rnyalat 300ML<\/li>\n<li>BALZSAM sz\u00edn\u00e1rnyalat 300ML<\/li>\n<\/ul>\n<p>Sz\u0151ke \u00e9s sz\u00fcrke hajhoz. A lila pigment cs\u00f6kkenti a s\u00e1rga \u00e1rnyalatot, \u00e9s h\u0171v\u00f6sebb sz\u00ednt ad a sz\u0151ke hajnak.<\/p>\n<p>&nbsp;<\/p>\n <a class=\"read-more\" href=\"https:\/\/honmatokyo.ro\/hu\/termek\/sampon-es-balszam-lila-pigmenttel-nutriblond-300ml\/\">Read more<\/a>","protected":false},"featured_media":7013,"comment_status":"open","ping_status":"closed","template":"","meta":{"_monsterinsights_skip_tracking":false,"_monsterinsights_sitenote_active":false,"_monsterinsights_sitenote_note":"","_monsterinsights_sitenote_category":0},"product_brand":[],"product_cat":[257],"product_tag":[],"class_list":{"0":"post-4327","1":"product","2":"type-product","3":"status-publish","4":"has-post-thumbnail","6":"product_cat-sampon-balzsam-es-hajapolo-maszk-keratin-kezeles-utan","8":"first","9":"instock","10":"sale","11":"taxable","12":"shipping-taxable","13":"purchasable","14":"product-type-variable"},"_links":{"self":[{"href":"https:\/\/honmatokyo.ro\/hu\/wp-json\/wp\/v2\/product\/4327","targetHints":{"allow":["GET"]}}],"collection":[{"href":"https:\/\/honmatokyo.ro\/hu\/wp-json\/wp\/v2\/product"}],"about":[{"href":"https:\/\/honmatokyo.ro\/hu\/wp-json\/wp\/v2\/types\/product"}],"replies":[{"embeddable":true,"href":"https:\/\/honmatokyo.ro\/hu\/wp-json\/wp\/v2\/comments?post=4327"}],"wp:featuredmedia":[{"embeddable":true,"href":"https:\/\/honmatokyo.ro\/hu\/wp-json\/wp\/v2\/media\/7013"}],"wp:attachment":[{"href":"https:\/\/honmatokyo.ro\/hu\/wp-json\/wp\/v2\/media?parent=4327"}],"wp:term":[{"taxonomy":"product_brand","embeddable":true,"href":"https:\/\/honmatokyo.ro\/hu\/wp-json\/wp\/v2\/product_brand?post=4327"},{"taxonomy":"product_cat","embeddable":true,"href":"https:\/\/honmatokyo.ro\/hu\/wp-json\/wp\/v2\/product_cat?post=4327"},{"taxonomy":"product_tag","embeddable":true,"href":"https:\/\/honmatokyo.ro\/hu\/wp-json\/wp\/v2\/product_tag?post=4327"}],"curies":[{"name":"wp","href":"https:\/\/api.w.org\/{rel}","templated":true}]}}