{"id":4354,"date":"2018-12-26T15:25:09","date_gmt":"2018-12-26T13:25:09","guid":{"rendered":"https:\/\/honmatokyo.ro\/product\/sampon-balzsam-es-maszk-a-keratin-hatas-meghosszabbitasara-h-brush-special-care-300ml\/"},"modified":"2021-03-25T13:14:26","modified_gmt":"2021-03-25T11:14:26","slug":"sampon-balzsam-es-maszk-a-keratin-hatas-meghosszabbitasara-h-brush-special-care-300ml","status":"publish","type":"product","link":"https:\/\/honmatokyo.ro\/hu\/termek\/sampon-balzsam-es-maszk-a-keratin-hatas-meghosszabbitasara-h-brush-special-care-300ml\/","title":{"rendered":"Sampon, balzsam \u00e9s maszk a keratin hat\u00e1s meghosszabb\u00edt\u00e1s\u00e1ra &#8211; H-Brush Special Care 300ml"},"content":{"rendered":"<h4>Keratin Effect sampon \u00e9s meghosszabb\u00edt\u00f3 maszk &#8211; H-Brush k\u00fcl\u00f6nleges \u00e1pol\u00e1s 300ml<\/h4>\n<h5>H-Brush k\u00fcl\u00f6nleges \u00e1pol\u00f3 sampon \u00e9s maszk 300ml + 300g keratin vagy hajhosszabb\u00edt\u00f3 hat\u00e1s \u00e9rdek\u00e9ben b.tox.<\/h5>\n<p>Professzion\u00e1lis sampon s\u00f3 n\u00e9lk\u00fcl &#8211; H-Brush speci\u00e1lis \u00e1pol\u00f3 sampon 300ml, amelyet kifejezetten a hajkiegyenes\u00edt\u0151 keratin hat\u00e1s meghosszabb\u00edt\u00e1s\u00e1ra vagy a b.tox t\u00edpus\u00fa H-Brush haj termikus hajregener\u00e1l\u00f3 kezel\u00e9seinek meghosszabb\u00edt\u00e1s\u00e1ra fejlesztettek ki. A sampon megtiszt\u00edtja \u00e9s elt\u00e1vol\u00edtja az \u00f6sszes szennyez\u0151d\u00e9st, mik\u00f6zben fenntartja a haj eg\u00e9szs\u00e9g\u00e9t, fenntartva az \u00fajj\u00e1\u00e9p\u00edt\u00e9s \u00e9s hidrat\u00e1l\u00e1s hat\u00e1s\u00e1t a hajat \u00fajj\u00e1\u00e9leszt\u0151 Pracaxi olaj \u00e9s cseresznye kivonat seg\u00edts\u00e9g\u00e9vel.<\/p>\n<p>Professzion\u00e1lis parab\u00e9nmentes hajmaszk &#8211; H-Brush speci\u00e1lis \u00e1pol\u00f3maszk, 300 g, amelyet kifejezetten a hajkiegyenes\u00edt\u0151 keratin hat\u00e1s meghosszabb\u00edt\u00e1s\u00e1hoz vagy a regener\u00e1l\u00f3 hat\u00e1s meghosszabb\u00edt\u00e1s\u00e1hoz fejlesztettek ki a termikus hajregener\u00e1l\u00f3 kezel\u00e9sek, p\u00e9ld\u00e1ul a H-Brush Hair B.tox ut\u00e1n. Az olyan \u00f6sszetev\u0151k kever\u00e9ke, mint a Pracaxi olaj, a cseresznye kivonat, az aminosavak, a keratin \u00e9s m\u00e1s biol\u00f3giailag akt\u00edv anyagok, el\u0151seg\u00edti a haj \u00fajj\u00e1\u00e9p\u00edt\u00e9s\u00e9t, er\u0151s\u00edt\u00e9s\u00e9t \u00e9s intenz\u00edv hidrat\u00e1l\u00e1s\u00e1t, \u00e9s term\u00e9szetes akad\u00e1lyt teremt a v\u00e9delme el\u0151tt. A haj f\u00e9nyes, selymes \u00e9s l\u00e1gy, term\u00e9szetes egyens\u00falyban marad.<\/p>\n<p>Hogyan kell haszn\u00e1lni:<\/p>\n<p>Vigyen fel elegend\u0151 mennyis\u00e9g\u0171 H-Brush speci\u00e1lis \u00e1pol\u00e1si sampont a nedves hajra, massz\u00edrozva a fej \u00e9s a haj b\u0151r\u00e9t. J\u00f3l \u00f6bl\u00edtse le \u00e9s sz\u00fcks\u00e9g eset\u00e9n ism\u00e9telje meg. A haj samponoz\u00e1sa ut\u00e1n alaposan \u00f6bl\u00edtse le a f\u00f6l\u00f6sleges vizet, majd \u00f3vatosan massz\u00edrozza be a H-Brush speci\u00e1lis \u00e1pol\u00e1si maszkot a teljes haja teljes hossz\u00e1ban. Hagyja 10-20 percig hatni, majd alaposan \u00f6bl\u00edtse le. A t\u00f6r\u00f6lk\u00f6z\u0151vel t\u00f6rt\u00e9n\u0151 sz\u00e1r\u00edt\u00e1s ut\u00e1n sz\u00e1r\u00edtsa meg a hajat forr\u00f3leveg\u0151-sz\u00e1r\u00edt\u00f3val, a l\u00e9gsugarat a haj n\u00f6veked\u00e9s\u00e9nek ir\u00e1ny\u00e1ba, fentr\u0151l lefel\u00e9 sz\u00e1r\u00edtva.<\/p>\n<p>&nbsp;<\/p>\n","protected":false},"excerpt":{"rendered":"<h5>H-Brush speci\u00e1lis \u00e1pol\u00e1s &#8211; Hajhosszabb\u00edtott kozmetikai kezel\u00e9s:<\/h5>\n<ul>\n<li>H-Brush Speacil Care sampon 300ml a kezel\u00e9si hat\u00e1s meghosszabb\u00edt\u00e1s\u00e1hoz<\/li>\n<li>300 g H-Brush speci\u00e1lis \u00e1pol\u00f3 balzsam a kezel\u00e9si hat\u00e1s meghosszabb\u00edt\u00e1s\u00e1hoz.<\/li>\n<li>H-Brush Special Care 300g maszk a kezel\u00e9si hat\u00e1s meghosszabb\u00edt\u00e1s\u00e1hoz<\/li>\n<\/ul>\n<p>H-Brush speci\u00e1lis \u00e1pol\u00e1si sampon \u00e9s maszkk\u00e9szlet a keratin hajkiegyenes\u00edt\u00e9shez vagy regener\u00e1l\u00f3 hat\u00e1shoz H-Brush hajjal b.tox. Pracaxi olajat, cseresznye kivonatot, aminosavakat, keratint \u00e9s m\u00e1s bio-akt\u00edv \u00f6sszetev\u0151ket tartalmaz, amelyek intenz\u00edven hidrat\u00e1lj\u00e1k \u00e9s regener\u00e1lj\u00e1k a hajat, meg\u0151rizve a rugalmass\u00e1got \u00e9s lend\u00fcletet a keratinkezel\u00e9s ut\u00e1n, \u00e9s meghosszabb\u00edtva a hat\u00e1st. Nem tartalmaz s\u00f3t &#8211; NaCl-t vagy parab\u00e9neket.<\/p>\n<p>&nbsp;<\/p>\n<p>&nbsp;<\/p>\n<p>&nbsp;<\/p>\n <a class=\"read-more\" href=\"https:\/\/honmatokyo.ro\/hu\/termek\/sampon-balzsam-es-maszk-a-keratin-hatas-meghosszabbitasara-h-brush-special-care-300ml\/\">Read more<\/a>","protected":false},"featured_media":8004,"comment_status":"open","ping_status":"closed","template":"","meta":{"_monsterinsights_skip_tracking":false,"_monsterinsights_sitenote_active":false,"_monsterinsights_sitenote_note":"","_monsterinsights_sitenote_category":0},"product_brand":[],"product_cat":[257],"product_tag":[],"class_list":{"0":"post-4354","1":"product","2":"type-product","3":"status-publish","4":"has-post-thumbnail","6":"product_cat-sampon-balzsam-es-hajapolo-maszk-keratin-kezeles-utan","8":"first","9":"instock","10":"sale","11":"taxable","12":"shipping-taxable","13":"purchasable","14":"product-type-variable"},"_links":{"self":[{"href":"https:\/\/honmatokyo.ro\/hu\/wp-json\/wp\/v2\/product\/4354","targetHints":{"allow":["GET"]}}],"collection":[{"href":"https:\/\/honmatokyo.ro\/hu\/wp-json\/wp\/v2\/product"}],"about":[{"href":"https:\/\/honmatokyo.ro\/hu\/wp-json\/wp\/v2\/types\/product"}],"replies":[{"embeddable":true,"href":"https:\/\/honmatokyo.ro\/hu\/wp-json\/wp\/v2\/comments?post=4354"}],"wp:featuredmedia":[{"embeddable":true,"href":"https:\/\/honmatokyo.ro\/hu\/wp-json\/wp\/v2\/media\/8004"}],"wp:attachment":[{"href":"https:\/\/honmatokyo.ro\/hu\/wp-json\/wp\/v2\/media?parent=4354"}],"wp:term":[{"taxonomy":"product_brand","embeddable":true,"href":"https:\/\/honmatokyo.ro\/hu\/wp-json\/wp\/v2\/product_brand?post=4354"},{"taxonomy":"product_cat","embeddable":true,"href":"https:\/\/honmatokyo.ro\/hu\/wp-json\/wp\/v2\/product_cat?post=4354"},{"taxonomy":"product_tag","embeddable":true,"href":"https:\/\/honmatokyo.ro\/hu\/wp-json\/wp\/v2\/product_tag?post=4354"}],"curies":[{"name":"wp","href":"https:\/\/api.w.org\/{rel}","templated":true}]}}