{"id":4367,"date":"2019-02-06T19:07:08","date_gmt":"2019-02-06T17:07:08","guid":{"rendered":"https:\/\/honmatokyo.ro\/product\/sampon-balzsam-es-hajmaszk-kollagennel-collagen-caviar-total-repair-300ml\/"},"modified":"2021-07-02T11:09:07","modified_gmt":"2021-07-02T08:09:07","slug":"sampon-balzsam-es-hajmaszk-kollagennel-collagen-caviar-total-repair-300ml","status":"publish","type":"product","link":"https:\/\/honmatokyo.ro\/hu\/termek\/sampon-balzsam-es-hajmaszk-kollagennel-collagen-caviar-total-repair-300ml\/","title":{"rendered":"Sampon, balzsam \u00e9s hajmaszk kollag\u00e9nnel &#8211; Collagen Caviar Total Repair 300ml"},"content":{"rendered":"<h4>Kollag\u00e9n sampon, kollag\u00e9n kondicion\u00e1l\u00f3 \u00e9s kolag\u00e9n hajmaszk &#8211; Collagen Caviar Total Repair 300ml<\/h4>\n<p>Ez a kollag\u00e9n samponnal, kollag\u00e9n kondicion\u00e1l\u00f3val \u00e9s kollag\u00e9n maszkkal ell\u00e1tott \u00e1pol\u00e1si k\u00e9szlet kifejezetten a haj sz\u00e1m\u00e1ra k\u00e9sz\u00fclt, amely k\u00fcl\u00f6nf\u00e9le k\u00e9miai elj\u00e1r\u00e1sokon ment kereszt\u00fcl, mint p\u00e9ld\u00e1ul: feh\u00e9r\u00edt\u00e9s, fest\u00e9s vagy hossz\u00fa ideig a nap vagy a sz\u00e9l hat\u00e1s\u00e1nak kit\u00e9ve, ezek a t\u00e9nyez\u0151k k\u00e1rt okoznak \u00e9s a haj kisz\u00e1rad\u00e1sa. A kollag\u00e9nnel \u00e9s kavi\u00e1rral ell\u00e1tott sampon enyh\u00e9n megtiszt\u00edtja a hajat, \u00e9s a balzsam \u00e9s a hajmaszk kollag\u00e9n, kavi\u00e1r \u00e9s inka olajjal, intenz\u00edven hidrat\u00e1lja \u00e9s regener\u00e1lja a hajat.<\/p>\n<h4>Kollag\u00e9n sampon s\u00f3 n\u00e9lk\u00fcl \u00e9s parab\u00e9nek n\u00e9lk\u00fcl &#8211; Collagen Caviar Total Repair 300ml:<\/h4>\n<p>Collagen Caviar Total Repair Shampoo 300ml &#8211; S\u00f3val \u00e9s parab\u00e9nekkel nem rendelkez\u0151 kollag\u00e9n sampont a s\u00e9r\u00fclt haj m\u00e9ly regener\u00e1l\u00e1s\u00e1ra tervezt\u00e9k, p\u00e9ld\u00e1ul k\u00e9miai elj\u00e1r\u00e1sok ut\u00e1n: feh\u00e9r\u00edt\u00e9s, fest\u00e9s vagy hossz\u00fa ideig tartott napf\u00e9ny vagy sz\u00e9l hat\u00e1s\u00e1nak kit\u00e9ve. A kollag\u00e9n sampon finoman megtiszt\u00edtja a szennyez\u0151d\u00e9sek haj\u00e1t, jav\u00edtja a sz\u00e1lot \u00e9s hidrat\u00e1lja a kollag\u00e9nnel \u00e9s kavi\u00e1rban gazdag k\u00e9plettel. Arra is felhaszn\u00e1lj\u00e1k, hogy meghosszabb\u00edts\u00e1k a regener\u00e1l\u00f3 \u00e9s hidrat\u00e1l\u00f3 hat\u00e1st a Coffee Premium Collagen haj keratin vagy b.tox kezel\u00e9se ut\u00e1n.<\/p>\n<h5>Kollag\u00e9n balzsam s\u00f3 \u00e9s parab\u00e9nek n\u00e9lk\u00fcl &#8211; Collagen Caviar Total Repair 300ml<\/h5>\n<p>Kollag\u00e9n kondicion\u00e1l\u00f3 s\u00f3 \u00e9s parab\u00e9nek n\u00e9lk\u00fcl &#8211; A kollag\u00e9n kavi\u00e1r teljes jav\u00edt\u00e1sa 300 ml-es term\u00e9k, egy sz\u00e9r\u00fclt hajra-\u00e9rz\u00e9kelt k\u00e9miai kezel\u00e9si elj\u00e1r\u00e1s ut\u00e1n, mint egy feh\u00e9r\u00edt\u00e9s, a fesztiv\u00e1l vagy a hossz\u00fa ideig tart\u00f3 sz\u00fcnet, vagy egy sz\u00e9l hat\u00e1s\u00fa. Formula gazdag\u00edtva koll\u00e1zs, kavi\u00e1rt \u00e9s inkaolajat, ha egy biztos\u00edtott egy haj m\u00e9ly jav\u00edt\u00e1sa, t\u00e1pl\u00e1lkoz\u00e1si, rejtett m\u00f3don \u00e9s meger\u0151s\u00edt\u00e9s\u00e9t. Teh\u00e1t f\u00e9nyesnek, selymesnek \u00e9s \u00e9lettel teli lesz. Arra felhaszn\u00e1lhat\u00f3, \u00edgy meghosszabb\u00edts\u00e1k a regener\u00e1l\u00f3 \u00e9s hidrat\u00e1l\u00f3 hat\u00e1st a k\u00e1v\u00e9 pr\u00e9mium kollag\u00e9n haj keratin vagy b.tox kezel\u00e9se ut\u00e1n.<\/p>\n<h5>Hajmaszk kollag\u00e9n, csak n\u00e9lk\u00fcl\u00f6zhet\u0151 parab\u00e9nek n\u00e9lk\u00fcl &#8211; Collagen Caviar Total Repair 300ml<\/h5>\n<p>Hajmaszk kollag\u00e9n, csak an\u00e9lk\u00fcl \u00e9s parab\u00e9nek n\u00e9lk\u00fcl &#8211; A kollag\u00e9n kavi\u00e1r teljes jav\u00edt\u00e1sa 300ml \u00e9leter\u0151ss\u00e9g\u00e9t visszanyeri a Magas kisz\u00e1rad\u00e1sa.A kollag\u00e9n- HAJ, Inka-olaj kavi\u00e1r- koncentr\u00e1ci\u00f3 \u00e9s miatt, Amely hozz\u00e1j\u00e1rul a haj t\u00e1pl\u00e1l\u00e1s\u00e1hoz, hidrat\u00e1l\u00e1s\u00e1hoz keratinnal er\u0151s\u00f6d\u00e9s\u00e9hez.A \u00e9s Vagy \u00e9s b.tox-kezel\u00e9sekkel hidrat\u00e1l\u00f3 Hat\u00e1s v\u00e9gzett meghosszabb\u00edt\u00e1s\u00e1ra regener\u00e1l\u00f3 IS felhaszn\u00e1lj\u00e1k. K\u00e1v\u00e9 pr\u00e9mium kollag\u00e9n tipus\u00fa haj. Haszn\u00e1ljon hetente egyszer, tartsa a haj\u00e1t 5-10 percig.<\/p>\n<p>&nbsp;<\/p>\n","protected":false},"excerpt":{"rendered":"<h5>Sampon, balzsam \u00e9s hajmaszk kollag\u00e9nnel &#8211; Collagen Caviar Total Repair 300ml<\/h5>\n<ul>\n<li>Kollag\u00e9n sampon &#8211; COLLAGEN CAVIAR TOTAL JAV\u00cdT\u00c1S 300ML<\/li>\n<li>Kollag\u00e9n balzsam &#8211; COLLAGEN CAVIAR 300ml teljes jav\u00edt\u00e1s<\/li>\n<li>Kollag\u00e9n maszk &#8211; COLLAGEN CAVIAR 300ml teljes jav\u00edt\u00e1s<\/li>\n<\/ul>\n <a class=\"read-more\" href=\"https:\/\/honmatokyo.ro\/hu\/termek\/sampon-balzsam-es-hajmaszk-kollagennel-collagen-caviar-total-repair-300ml\/\">Read more<\/a>","protected":false},"featured_media":6904,"comment_status":"open","ping_status":"closed","template":"","meta":{"_monsterinsights_skip_tracking":false,"_monsterinsights_sitenote_active":false,"_monsterinsights_sitenote_note":"","_monsterinsights_sitenote_category":0},"product_brand":[],"product_cat":[257],"product_tag":[],"class_list":{"0":"post-4367","1":"product","2":"type-product","3":"status-publish","4":"has-post-thumbnail","6":"product_cat-sampon-balzsam-es-hajapolo-maszk-keratin-kezeles-utan","8":"first","9":"instock","10":"sale","11":"taxable","12":"shipping-taxable","13":"purchasable","14":"product-type-variable"},"_links":{"self":[{"href":"https:\/\/honmatokyo.ro\/hu\/wp-json\/wp\/v2\/product\/4367","targetHints":{"allow":["GET"]}}],"collection":[{"href":"https:\/\/honmatokyo.ro\/hu\/wp-json\/wp\/v2\/product"}],"about":[{"href":"https:\/\/honmatokyo.ro\/hu\/wp-json\/wp\/v2\/types\/product"}],"replies":[{"embeddable":true,"href":"https:\/\/honmatokyo.ro\/hu\/wp-json\/wp\/v2\/comments?post=4367"}],"wp:featuredmedia":[{"embeddable":true,"href":"https:\/\/honmatokyo.ro\/hu\/wp-json\/wp\/v2\/media\/6904"}],"wp:attachment":[{"href":"https:\/\/honmatokyo.ro\/hu\/wp-json\/wp\/v2\/media?parent=4367"}],"wp:term":[{"taxonomy":"product_brand","embeddable":true,"href":"https:\/\/honmatokyo.ro\/hu\/wp-json\/wp\/v2\/product_brand?post=4367"},{"taxonomy":"product_cat","embeddable":true,"href":"https:\/\/honmatokyo.ro\/hu\/wp-json\/wp\/v2\/product_cat?post=4367"},{"taxonomy":"product_tag","embeddable":true,"href":"https:\/\/honmatokyo.ro\/hu\/wp-json\/wp\/v2\/product_tag?post=4367"}],"curies":[{"name":"wp","href":"https:\/\/api.w.org\/{rel}","templated":true}]}}