{"id":4375,"date":"2019-05-14T17:31:52","date_gmt":"2019-05-14T14:31:52","guid":{"rendered":"https:\/\/honmatokyo.ro\/product\/h-teafa-hagyja-a-hajat-150ml-es-hidratacios-vedelemre-es-regeneraciora\/"},"modified":"2021-08-20T12:29:14","modified_gmt":"2021-08-20T09:29:14","slug":"h-teafa-hagyja-a-hajat-150ml-es-hidratacios-vedelemre-es-regeneraciora","status":"publish","type":"product","link":"https:\/\/honmatokyo.ro\/hu\/termek\/h-teafa-hagyja-a-hajat-150ml-es-hidratacios-vedelemre-es-regeneraciora\/","title":{"rendered":"H-teafa hagyja a hajat 150ml-es hidrat\u00e1ci\u00f3s v\u00e9delemre \u00e9s regener\u00e1ci\u00f3ra"},"content":{"rendered":"<h5>H-TEA TREE 300ml &#8211; sampon \u00e9s maszk k\u00e9szlet olajos \u00e9s elromlott hajra<\/h5>\n<p>A zs\u00edros \u00e9s elromlott hajra szolg\u00e1l\u00f3 sampon \u00e9s maszk &#8211; H-Tea Tree 300ml &#8211; zs\u00edros hajra van tervezve a gy\u00f6k\u00e9rn\u00e9l, hossz\u00e1nak t\u00f6bbi r\u00e9sz\u00e9n pedig sz\u00e1raz vagy s\u00e9r\u00fclt hajra. A z\u00f6ld teafa kivonat a fejb\u0151r alj\u00e1n m\u0171k\u00f6dik, kiegyens\u00falyozva a faggy\u00fatermel\u00e9st. A z\u00f6ld teaolaj egy er\u0151s term\u00e9szetes gomba\u00f6l\u0151, amely a hajsz\u00e1r\u00edt\u00e1s n\u00e9lk\u00fcl szab\u00e1lyozza a felesleges testzs\u00edrt. A kompoz\u00edci\u00f3ban szerepl\u0151 teafa kivonat normaliz\u00e1lja a fejb\u0151r egyens\u00faly\u00e1t \u00e9s kedvez\u0151en befoly\u00e1solja a haj s\u00e9r\u00fclt ter\u00fcleteit. Az aloe vera \u00e9s a keratin \u00e1talak\u00edtja a hajsz\u00e1lat, helyre\u00e1ll\u00edtja a k\u00e9miai elj\u00e1r\u00e1sok k\u00f6vetkezt\u00e9ben elvesz\u00edtett haj alapvet\u0151 \u00e1sv\u00e1nyi anyagait, megadva a haj f\u00e9nyess\u00e9g\u00e9t, eg\u00e9szs\u00e9ges egyens\u00faly\u00e1t \u00e9s ellen\u00e1ll\u00f3 k\u00e9pess\u00e9g\u00e9t a k\u00fcls\u0151 term\u00e9szetes t\u00e9nyez\u0151kkel szemben. A rendszeres haszn\u00e1lat normaliz\u00e1lja a faggy\u00famirigyek kiv\u00e1laszt\u00e1s\u00e1t, a haj kev\u00e9sb\u00e9 s\u0171r\u0171s\u00f6dik, \u00e9s mindig kellemes frissess\u00e9get \u00e9lvez.<\/p>\n<p>Nem tartalmaz s\u00f3t \u00e9s parab\u00e9neket, akkor is javallt keratinnal \u00e9s b.tox hajjal v\u00e9gzett kezel\u00e9s ut\u00e1n. A haj keratinnal t\u00f6rt\u00e9n\u0151 kiegyenes\u00edt\u00e9se vagy a b.tox hajjal v\u00e9gzett regener\u00e1ci\u00f3s kezel\u00e9s ut\u00e1n a haj megjelen\u00e9se radik\u00e1lisan megv\u00e1ltozik, nem lesz olyan bolyhos, l\u00e1zad\u00f3, durva. A megjelen\u00e9s finom, selymes \u00e9s f\u00e9nyes, de a ritka haj\u00fa emberek att\u00f3l tartanak, hogy nem lesznek volumen\u00fck, \u00e9s hogy a haj t\u00fal k\u00f6zel lesz a fejhez. A H-Tea Tree \u00e1pol\u00f3k\u00e9szlet sz\u00e9lesebb megjelen\u00e9st ad a hajnak, mennyis\u00e9g\u00e9vel \u00e9s friss haj \u00e1llapot\u00e1val. Aj\u00e1nlja az nagyon finom, ritka \u00e9s v\u00e9kony, nem felt\u00e9tlen\u00fcl zs\u00edros haj\u00fa embereket, hogy hajm\u00e9rete, selymes \u00e9s f\u00e9nyes legyen.<\/p>\n","protected":false},"excerpt":{"rendered":"<h6>H-Tea Tree Grease sampon \u00e9s maszkk\u00e9szlet 300ml<\/h6>\n<ul>\n<li>SAMPON H-TEA TREE 300ML<\/li>\n<li>MASZK H-TEA TREE 300ML<\/li>\n<\/ul>\n<p>\u00dagy tervezt\u00e9k, hogy a gy\u00f6kereken olajos haj legyen, a hossz\u00e1nak t\u00f6bbi r\u00e9sze pedig sz\u00e1raz \u00e9s s\u00e9r\u00fclt. Cs\u00f6kkenti a t\u00falzott zs\u00edrtartalmat \u00e9s \u00fajj\u00e1\u00e9leszti a hajat.<\/p>\n <a class=\"read-more\" href=\"https:\/\/honmatokyo.ro\/hu\/termek\/h-teafa-hagyja-a-hajat-150ml-es-hidratacios-vedelemre-es-regeneraciora\/\">Read more<\/a>","protected":false},"featured_media":6231,"comment_status":"open","ping_status":"closed","template":"","meta":{"_monsterinsights_skip_tracking":false,"_monsterinsights_sitenote_active":false,"_monsterinsights_sitenote_note":"","_monsterinsights_sitenote_category":0},"product_brand":[],"product_cat":[257],"product_tag":[],"class_list":{"0":"post-4375","1":"product","2":"type-product","3":"status-publish","4":"has-post-thumbnail","6":"product_cat-sampon-balzsam-es-hajapolo-maszk-keratin-kezeles-utan","8":"first","9":"instock","10":"taxable","11":"shipping-taxable","12":"purchasable","13":"product-type-simple"},"_links":{"self":[{"href":"https:\/\/honmatokyo.ro\/hu\/wp-json\/wp\/v2\/product\/4375","targetHints":{"allow":["GET"]}}],"collection":[{"href":"https:\/\/honmatokyo.ro\/hu\/wp-json\/wp\/v2\/product"}],"about":[{"href":"https:\/\/honmatokyo.ro\/hu\/wp-json\/wp\/v2\/types\/product"}],"replies":[{"embeddable":true,"href":"https:\/\/honmatokyo.ro\/hu\/wp-json\/wp\/v2\/comments?post=4375"}],"wp:featuredmedia":[{"embeddable":true,"href":"https:\/\/honmatokyo.ro\/hu\/wp-json\/wp\/v2\/media\/6231"}],"wp:attachment":[{"href":"https:\/\/honmatokyo.ro\/hu\/wp-json\/wp\/v2\/media?parent=4375"}],"wp:term":[{"taxonomy":"product_brand","embeddable":true,"href":"https:\/\/honmatokyo.ro\/hu\/wp-json\/wp\/v2\/product_brand?post=4375"},{"taxonomy":"product_cat","embeddable":true,"href":"https:\/\/honmatokyo.ro\/hu\/wp-json\/wp\/v2\/product_cat?post=4375"},{"taxonomy":"product_tag","embeddable":true,"href":"https:\/\/honmatokyo.ro\/hu\/wp-json\/wp\/v2\/product_tag?post=4375"}],"curies":[{"name":"wp","href":"https:\/\/api.w.org\/{rel}","templated":true}]}}