{"id":4413,"date":"2019-05-15T14:33:16","date_gmt":"2019-05-15T11:33:16","guid":{"rendered":"https:\/\/honmatokyo.ro\/product\/h-brush-intensive-care-leave-in-hajra-150ml-hidratalas-vedelem-regeneracio\/"},"modified":"2021-08-20T11:58:35","modified_gmt":"2021-08-20T08:58:35","slug":"h-brush-intensive-care-leave-in-hajra-150ml-hidratalas-vedelem-regeneracio","status":"publish","type":"product","link":"https:\/\/honmatokyo.ro\/hu\/termek\/h-brush-intensive-care-leave-in-hajra-150ml-hidratalas-vedelem-regeneracio\/","title":{"rendered":"H-Brush Intensive Care Leave-in  hajra 150ml-hidrat\u00e1l\u00e1s-v\u00e9delem-regener\u00e1ci\u00f3."},"content":{"rendered":"<h5><strong>H-Brush Intensive Care Leave-in 150 ml<\/strong><\/h5>\n<p>A H-Brush intenz\u00edv \u00e1pol\u00e1s A hajra hagy\u00e1st a v\u00e9g\u00e9n \u00f6bl\u00edt\u00e9s n\u00e9lk\u00fcl alkalmazz\u00e1k, v\u00e9detts\u00e9get, regener\u00e1l\u00f3d\u00e1st, hidrat\u00e1ci\u00f3t biztos\u00edt, \u00e9s a sejtk\u00e9pes, puha \u00e9s f\u00e9nyes hajot hagyja a Pracaxi olajnak \u00e9s a z\u00f6ld tea kivonatnak k\u00f6sz\u00f6nhet\u0151en. Behatol\u00e1s, amely kik\u00fcsz\u00f6b\u00f6li a s\u00farl\u00f3d\u00e1st, v\u00e9di a c\u00e9rn\u00e1t a k\u00fcls\u0151 negat\u00edv t\u00e9nyez\u0151kt\u0151l.<\/p>\n<p>Nem tartalmaz parab\u00e9neket.<\/p>\n","protected":false},"excerpt":{"rendered":"<p>Egy csod\u00e1latos Live-in, amely hidrat\u00e1lja, hagyja a haj\u00e1t selymes, puha \u00e9s f\u00e9nyes. Megsz\u00fcnteti a s\u00farl\u00f3d\u00e1st, v\u00e9di a k\u00fcls\u0151 t\u00e9nyez\u0151kt\u0151l.<\/p>\n <a class=\"read-more\" href=\"https:\/\/honmatokyo.ro\/hu\/termek\/h-brush-intensive-care-leave-in-hajra-150ml-hidratalas-vedelem-regeneracio\/\">Read more<\/a>","protected":false},"featured_media":6208,"comment_status":"open","ping_status":"closed","template":"","meta":{"_monsterinsights_skip_tracking":false,"_monsterinsights_sitenote_active":false,"_monsterinsights_sitenote_note":"","_monsterinsights_sitenote_category":0},"product_brand":[],"product_cat":[257],"product_tag":[],"class_list":{"0":"post-4413","1":"product","2":"type-product","3":"status-publish","4":"has-post-thumbnail","6":"product_cat-sampon-balzsam-es-hajapolo-maszk-keratin-kezeles-utan","8":"first","9":"outofstock","10":"taxable","11":"shipping-taxable","12":"purchasable","13":"product-type-simple"},"_links":{"self":[{"href":"https:\/\/honmatokyo.ro\/hu\/wp-json\/wp\/v2\/product\/4413","targetHints":{"allow":["GET"]}}],"collection":[{"href":"https:\/\/honmatokyo.ro\/hu\/wp-json\/wp\/v2\/product"}],"about":[{"href":"https:\/\/honmatokyo.ro\/hu\/wp-json\/wp\/v2\/types\/product"}],"replies":[{"embeddable":true,"href":"https:\/\/honmatokyo.ro\/hu\/wp-json\/wp\/v2\/comments?post=4413"}],"wp:featuredmedia":[{"embeddable":true,"href":"https:\/\/honmatokyo.ro\/hu\/wp-json\/wp\/v2\/media\/6208"}],"wp:attachment":[{"href":"https:\/\/honmatokyo.ro\/hu\/wp-json\/wp\/v2\/media?parent=4413"}],"wp:term":[{"taxonomy":"product_brand","embeddable":true,"href":"https:\/\/honmatokyo.ro\/hu\/wp-json\/wp\/v2\/product_brand?post=4413"},{"taxonomy":"product_cat","embeddable":true,"href":"https:\/\/honmatokyo.ro\/hu\/wp-json\/wp\/v2\/product_cat?post=4413"},{"taxonomy":"product_tag","embeddable":true,"href":"https:\/\/honmatokyo.ro\/hu\/wp-json\/wp\/v2\/product_tag?post=4413"}],"curies":[{"name":"wp","href":"https:\/\/api.w.org\/{rel}","templated":true}]}}